{"id":3311,"date":"2015-01-27T11:54:04","date_gmt":"2015-01-27T11:54:04","guid":{"rendered":"https:\/\/www.pax-travel.com\/de\/home\/"},"modified":"2018-11-13T14:39:15","modified_gmt":"2018-11-13T14:39:15","slug":"home","status":"publish","type":"page","link":"https:\/\/www.pax-travel.com\/de\/","title":{"rendered":"Home"},"content":{"rendered":"<div class=\"fusion-fullwidth fullwidth-box fusion-fullwidth-1  fusion-parallax-none hundred-percent-fullwidth fusion-equal-height-columns\" style=\"border-color:#eae9e9;border-bottom-width: 0px;border-top-width: 0px;border-bottom-style: solid;border-top-style: solid;padding-bottom:0px;padding-top:90px;padding-left:0px;padding-right:0px;background-color:rgba(255,255,255,0);\"><style type=\"text\/css\" scoped=\"scoped\">.fusion-fullwidth-1 {\n                            padding-left: 0px !important;\n                            padding-right: 0px !important;\n                        }<\/style><div class=\"fusion-row\"><div class=\"fusion-one-half fusion-layout-column fusion-column-inner-bg-wrapper fusion-spacing-yes\" style=\"margin-top:0px;margin-bottom:20px;\"><div class=\"fusion-column-wrapper\"><div class=\"imageframe-align-center\"><span class=\"fusion-imageframe imageframe-none imageframe-1 hover-type-none\"> <img loading=\"lazy\" decoding=\"async\" alt=\"\" src=\"https:\/\/www.pax-travel.com\/wp-content\/uploads\/2015\/01\/Medjugorje-SanGiacomo_mini.jpg\" width=\"2000\" height=\"1333\"class=\"img-responsive wp-image-2356\"\/><\/span><\/div><div class=\"fusion-clearfix\"><\/div><\/div><span class=\"fusion-column-inner-bg hover-type-liftup\"><a ><span class=\"fusion-column-inner-bg-image\"><\/span><\/a><\/span><\/div><div class=\"fusion-one-half fusion-layout-column fusion-column-last fusion-spacing-yes special\" style=\"margin-top:0px;margin-bottom:0px;\"><div class=\"fusion-column-wrapper\" style=\"padding:30px;\"><h1>PAX TRAVEL<br \/>\nMedjugorje<\/h1>\n<div class=\"fusion-sep-clear\"><\/div><div class=\"fusion-separator sep-single separator-left\" style=\"border-color:#000000;border-top-width:1px;margin-top:0px;margin-bottom:30px;width:100%;max-width:170px;\"><\/div><h3>Pax travel ist die neue Reiseagentur in Medjugorje:<\/h3>\n<h3>religi\u00f6ser Tourismus, Urlaube, kulturelle Ausfl\u00fcge, Transfers von\/zu Flugh\u04d3fen,\u00a0 Buchung von Hotels, Fl\u00fcgen und F\u04d3hren<\/h3>\n<div class=\"fusion-clearfix\"><\/div><\/div><\/div><div class=\"fusion-clearfix\"><\/div><\/div><\/div><div class=\"fusion-fullwidth fullwidth-box fusion-fullwidth-2  fusion-parallax-none nonhundred-percent-fullwidth\" style=\"border-color:#eae9e9;border-bottom-width: 0px;border-top-width: 0px;border-bottom-style: solid;border-top-style: solid;padding-bottom:30px;padding-top:30px;padding-left:0px;padding-right:0px;background-color:rgba(255,255,255,0);\"><style type=\"text\/css\" scoped=\"scoped\">.fusion-fullwidth-2 {\n                            padding-left: 0px !important;\n                            padding-right: 0px !important;\n                        }<\/style><div class=\"fusion-row\"><div class=\"fusion-one-half fusion-layout-column fusion-spacing-yes\" style=\"margin-top:0px;margin-bottom:20px;\"><div class=\"fusion-column-wrapper\"><ul>\n<li>Unterkunft in Medjugorje nur mit Fr\u00fchst\u00fcck, Halbpension und Vollpension f\u00fcr g\u00fcnstige Preise, Besuch auf Erscheinungsberg, Kreuzberg, Jakobs\u00a0 Kirche und zu den Sehern in Begleitung von professionellen Reisef\u00fchrern.<\/li>\n<li>Unterkunft und Ausfl\u00fcge in ganz Bosnien und Herzegowina: Mostar, Sarajevo, Kravice, Tihaljina, Bjelasnica Berg, Blidinje, Blagaj, Hutovo Blato, Sutjeska&#8230;<\/li>\n<li>Ausfl\u00fcge nach Kroatien: Split, Dubrovnik, Hvar, Brac, Korcula&#8230;<\/li>\n<li>Urlaub an der Adria<\/li>\n<\/ul>\n<div class=\"fusion-clearfix\"><\/div><\/div><\/div><div class=\"fusion-one-half fusion-layout-column fusion-column-last fusion-spacing-yes\" style=\"margin-top:0px;margin-bottom:20px;\"><div class=\"fusion-column-wrapper\"><ul>\n<li>Transportdienstleistungen: Bus, Taxi, Mietwagen<\/li>\n<li>Fl\u00fcge zu Sonderpreisen<\/li>\n<li>Kreuzfahrten, Rafting touren, Skifahren, Safari, Fotosafari<\/li>\n<\/ul>\n<div class=\"fusion-clearfix\"><\/div><\/div><\/div><div class=\"fusion-clearfix\"><\/div><\/div><\/div><div class=\"fusion-fullwidth fullwidth-box fusion-fullwidth-3  fusion-parallax-none nonhundred-percent-fullwidth\" style=\"border-color:#eae9e9;border-bottom-width: 0px;border-top-width: 0px;border-bottom-style: solid;border-top-style: solid;padding-bottom:45px;padding-top:60px;padding-left:0px;padding-right:0px;background-color:#f0f0ed;\"><style type=\"text\/css\" scoped=\"scoped\">.fusion-fullwidth-3 {\n                            padding-left: 0px !important;\n                            padding-right: 0px !important;\n                        }<\/style><div class=\"fusion-row\"><h1 style=\"text-align: center;\">WOHIN WILLST DU GEHEN?<\/h1>\n<div class=\"fusion-sep-clear\"><\/div><div class=\"fusion-separator sep-single\" style=\"border-color:#000000;border-top-width:1px;margin-left: auto;margin-right: auto;margin-top:;width:100%;max-width:170px;\"><\/div><div class=\"fusion-one-sixth fusion-layout-column fusion-spacing-yes\" style=\"margin-top:0px;margin-bottom:20px;\"><div class=\"fusion-column-wrapper\"><div class=\"fusion-clearfix\"><\/div><\/div><\/div><div class=\"fusion-two-third fusion-layout-column fusion-spacing-yes\" style=\"margin-top:0px;margin-bottom:20px;\"><div class=\"fusion-column-wrapper\"><h3 style=\"text-align: center;\"><em>\u201eReisen ist die einzige Sache, die man kauft und einen reicher macht\u201c<\/em><\/h3>\n<div class=\"fusion-clearfix\"><\/div><\/div><\/div><div class=\"fusion-one-sixth fusion-layout-column fusion-column-last fusion-spacing-yes\" style=\"margin-top:0px;margin-bottom:20px;\"><div class=\"fusion-column-wrapper\"><div class=\"fusion-clearfix\"><\/div><\/div><\/div><div class=\"fusion-clearfix\"><\/div><div class=\"fusion-sep-clear\"><\/div><div class=\"fusion-separator fusion-full-width-sep sep-none\" style=\"border-color:#e0dede;margin-left: auto;margin-right: auto;margin-top:20px;width:100%;max-width:100%;\"><\/div><div class=\"fusion-one-third fusion-layout-column fusion-spacing-yes\" style=\"margin-top:0px;margin-bottom:20px;\"><div class=\"fusion-column-wrapper\"><style type='text\/css'>.reading-box-container-1 .element-bottomshadow:before,.reading-box-container-1 .element-bottomshadow:after{opacity:0.7;}<\/style><div class=\"fusion-reading-box-container reading-box-container-1\" style=\"margin-top:0px;margin-bottom:84px;\"><div class=\"reading-box reading-box-center element-bottomshadow\" style=\"background-color:#ffffff;border-width:1px;border-color:#000000;border-style:solid;\"><h2>Besuchen Sie Medjugorje<\/h2><div class=\"reading-box-additional\"><a href=\"https:\/\/www.pax-travel.com\/our-destination\/medjugorje\/\"><img decoding=\"async\" loading=\"lazy\" class=\"aligncenter wp-image-6276 size-full\" src=\"https:\/\/www.pax-travel.com\/wp-content\/uploads\/2015\/01\/Medjugorje-600x400.jpg\" alt=\"medjugorje-600x400\" width=\"600\" height=\"400\" srcset=\"https:\/\/www.pax-travel.com\/wp-content\/uploads\/2015\/01\/Medjugorje-600x400-300x200.jpg 300w, https:\/\/www.pax-travel.com\/wp-content\/uploads\/2015\/01\/Medjugorje-600x400.jpg 600w\" sizes=\"(max-width: 600px) 100vw, 600px\" \/><\/a><\/div><a class=\"button fusion-button button-lightgray button-square fusion-button-large button-large button-flat  fusion-mobile-button continue-center\" style=\"-webkit-box-shadow:none;-moz-box-shadow:none;box-shadow:none;\" href=\"https:\/\/www.pax-travel.com\/de\/our-destination\/medjugorje\/\" target=\"_self\"><span>Entdecken Sie mehr!<\/span><\/a><\/div><\/div><div class=\"fusion-clearfix\"><\/div><\/div><\/div><div class=\"fusion-one-third fusion-layout-column fusion-spacing-yes\" style=\"margin-top:0px;margin-bottom:20px;\"><div class=\"fusion-column-wrapper\"><style type='text\/css'>.reading-box-container-2 .element-bottomshadow:before,.reading-box-container-2 .element-bottomshadow:after{opacity:0.7;}<\/style><div class=\"fusion-reading-box-container reading-box-container-2\" style=\"margin-top:0px;margin-bottom:84px;\"><div class=\"reading-box reading-box-center element-bottomshadow\" style=\"background-color:#ffffff;border-width:1px;border-color:#000000;border-style:solid;\"><h2>Natur und Abenteuer<\/h2><div class=\"reading-box-additional\"><img decoding=\"async\" loading=\"lazy\" class=\"aligncenter size-full wp-image-6837\" src=\"https:\/\/www.pax-travel.com\/wp-content\/uploads\/2015\/01\/natura600-400.jpg\" alt=\"natura600-400\" width=\"600\" height=\"400\" srcset=\"https:\/\/www.pax-travel.com\/wp-content\/uploads\/2015\/01\/natura600-400-300x200.jpg 300w, https:\/\/www.pax-travel.com\/wp-content\/uploads\/2015\/01\/natura600-400.jpg 600w\" sizes=\"(max-width: 600px) 100vw, 600px\" \/><\/div><a class=\"button fusion-button button-lightgray button-square fusion-button-large button-large button-flat  fusion-mobile-button continue-center\" style=\"-webkit-box-shadow:none;-moz-box-shadow:none;box-shadow:none;\" href=\"https:\/\/www.pax-travel.com\/de\/natur-und-abenteuer\/\" target=\"_self\"><span>Entdecken Sie mehr!<\/span><\/a><\/div><\/div><div class=\"fusion-clearfix\"><\/div><\/div><\/div><div class=\"fusion-one-third fusion-layout-column fusion-column-last fusion-spacing-yes\" style=\"margin-top:0px;margin-bottom:20px;\"><div class=\"fusion-column-wrapper\"><style type='text\/css'>.reading-box-container-3 .element-bottomshadow:before,.reading-box-container-3 .element-bottomshadow:after{opacity:0.7;}<\/style><div class=\"fusion-reading-box-container reading-box-container-3\" style=\"margin-top:0px;margin-bottom:84px;\"><div class=\"reading-box reading-box-center element-bottomshadow\" style=\"background-color:#ffffff;border-width:1px;border-color:#000000;border-style:solid;\"><h2>Adria Kreuzfahrten<\/h2><div class=\"reading-box-additional\"><a href=\"https:\/\/www.pax-travel.com\/our-destination\/crociere-adriatico\/\"><img decoding=\"async\" loading=\"lazy\" class=\"aligncenter wp-image-6250 size-full\" src=\"https:\/\/www.pax-travel.com\/wp-content\/uploads\/2015\/01\/Crociere-600x400.jpg\" alt=\"crociere-600x400\" width=\"600\" height=\"400\" srcset=\"https:\/\/www.pax-travel.com\/wp-content\/uploads\/2015\/01\/Crociere-600x400-300x200.jpg 300w, https:\/\/www.pax-travel.com\/wp-content\/uploads\/2015\/01\/Crociere-600x400.jpg 600w\" sizes=\"(max-width: 600px) 100vw, 600px\" \/><\/a><\/div><a class=\"button fusion-button button-lightgray button-square fusion-button-large button-large button-flat  fusion-mobile-button continue-center\" style=\"-webkit-box-shadow:none;-moz-box-shadow:none;box-shadow:none;\" href=\"https:\/\/www.pax-travel.com\/de\/our-destination\/adria-kreuzfahrten\/\" target=\"_self\"><span>Entdecken Sie mehr!<\/span><\/a><\/div><\/div><div class=\"fusion-clearfix\"><\/div><\/div><\/div><div class=\"fusion-clearfix\"><\/div><div class=\"fusion-one-third fusion-layout-column fusion-spacing-yes\" style=\"margin-top:0px;margin-bottom:20px;\"><div class=\"fusion-column-wrapper\"><style type='text\/css'>.reading-box-container-4 .element-bottomshadow:before,.reading-box-container-4 .element-bottomshadow:after{opacity:0.7;}<\/style><div class=\"fusion-reading-box-container reading-box-container-4\" style=\"margin-top:0px;margin-bottom:84px;\"><div class=\"reading-box reading-box-center element-bottomshadow\" style=\"background-color:#ffffff;border-width:1px;border-color:#000000;border-style:solid;\"><h2>Wellness in Medjugorje<\/h2><div class=\"reading-box-additional\"><a href=\"https:\/\/www.pax-travel.com\/our-destination\/pacchetti-benessere-aqua-spa-medjugorje\/\"><img decoding=\"async\" loading=\"lazy\" class=\"aligncenter wp-image-6257 size-full\" src=\"https:\/\/www.pax-travel.com\/wp-content\/uploads\/2015\/01\/Spa-600x400.jpg\" alt=\"spa-600x400\" width=\"600\" height=\"400\" srcset=\"https:\/\/www.pax-travel.com\/wp-content\/uploads\/2015\/01\/Spa-600x400-300x200.jpg 300w, https:\/\/www.pax-travel.com\/wp-content\/uploads\/2015\/01\/Spa-600x400.jpg 600w\" sizes=\"(max-width: 600px) 100vw, 600px\" \/><\/a><\/div><a class=\"button fusion-button button-lightgray button-square fusion-button-large button-large button-flat  fusion-mobile-button continue-center\" style=\"-webkit-box-shadow:none;-moz-box-shadow:none;box-shadow:none;\" href=\"https:\/\/www.pax-travel.com\/de\/our-destination\/wellness-angebote-aqua-spa-medjugorje\/\" target=\"_self\"><span>Entdecken Sie mehr!<\/span><\/a><\/div><\/div><div class=\"fusion-clearfix\"><\/div><\/div><\/div><div class=\"fusion-one-third fusion-layout-column fusion-column-last fusion-spacing-yes\" style=\"margin-top:0px;margin-bottom:20px;\"><div class=\"fusion-column-wrapper\"><style type='text\/css'>.reading-box-container-5 .element-bottomshadow:before,.reading-box-container-5 .element-bottomshadow:after{opacity:0.7;}<\/style><div class=\"fusion-reading-box-container reading-box-container-5\" style=\"margin-top:0px;margin-bottom:84px;\"><div class=\"reading-box reading-box-center element-bottomshadow\" style=\"background-color:#ffffff;border-width:1px;border-color:#000000;border-style:solid;\"><h2>Weinstra\u00dfe in Herzegowina<\/h2><div class=\"reading-box-additional\"><a href=\"https:\/\/www.pax-travel.com\/our-destination\/la-strada-del-vino-dellerzegovina\/\"><img decoding=\"async\" loading=\"lazy\" class=\"aligncenter wp-image-6264 size-full\" src=\"https:\/\/www.pax-travel.com\/wp-content\/uploads\/2015\/01\/Cantina-600x400.jpg\" alt=\"cantina-600x400\" width=\"600\" height=\"400\" srcset=\"https:\/\/www.pax-travel.com\/wp-content\/uploads\/2015\/01\/Cantina-600x400-300x200.jpg 300w, https:\/\/www.pax-travel.com\/wp-content\/uploads\/2015\/01\/Cantina-600x400.jpg 600w\" sizes=\"(max-width: 600px) 100vw, 600px\" \/><\/a><\/div><a class=\"button fusion-button button-lightgray button-square fusion-button-large button-large button-flat  fusion-mobile-button continue-center\" style=\"-webkit-box-shadow:none;-moz-box-shadow:none;box-shadow:none;\" href=\"https:\/\/www.pax-travel.com\/de\/our-destination\/weinstrasse-herzegowina\/\" target=\"_self\"><span>Entdecken Sie mehr!<\/span><\/a><\/div><\/div><div class=\"fusion-clearfix\"><\/div><\/div><\/div><div class=\"fusion-clearfix\"><\/div><\/div><\/div><div class=\"fusion-fullwidth fullwidth-box fusion-fullwidth-4  fusion-parallax-none nonhundred-percent-fullwidth\" style=\"border-color:#eae9e9;border-bottom-width: 0px;border-top-width: 0px;border-bottom-style: solid;border-top-style: solid;padding-bottom:65px;padding-top:65px;padding-left:0px;padding-right:0px;background-color:#ffffff;\"><style type=\"text\/css\" scoped=\"scoped\">.fusion-fullwidth-4 {\n                            padding-left: 0px !important;\n                            padding-right: 0px !important;\n                        }<\/style><div class=\"fusion-row\"><div class=\"fusion-button-wrapper fusion-aligncenter\"><style type=\"text\/css\" scoped=\"scoped\">.fusion-button.button-1 .fusion-button-text, .fusion-button.button-1 i {color:#ffffff;}.fusion-button.button-1 {border-width:0px;border-color:#ffffff;}.fusion-button.button-1 .fusion-button-icon-divider{border-color:#ffffff;}.fusion-button.button-1.button-3d{-webkit-box-shadow: inset 0px 1px 0px #fff,0px 5px 0px #525287,1px 7px 7px 3px rgba(0,0,0,0.3);-moz-box-shadow: inset 0px 1px 0px #fff,0px 5px 0px #525287,1px 7px 7px 3px rgba(0,0,0,0.3);box-shadow: inset 0px 1px 0px #fff,0px 5px 0px #525287,1px 7px 7px 3px rgba(0,0,0,0.3);}.button-1.button-3d:active{-webkit-box-shadow: inset 0px 1px 0px #fff,0px 5px 0px #525287,1px 7px 7px 3px rgba(0,0,0,0.3);-moz-box-shadow: inset 0px 1px 0px #fff,0px 5px 0px #525287,1px 7px 7px 3px rgba(0,0,0,0.3);box-shadow: inset 0px 1px 0px #fff,0px 5px 0px #525287,1px 7px 7px 3px rgba(0,0,0,0.3);}.fusion-button.button-1:hover .fusion-button-text, .fusion-button.button-1:hover i,.fusion-button.button-1:focus .fusion-button-text, .fusion-button.button-1:focus i,.fusion-button.button-1:active .fusion-button-text, .fusion-button.button-1:active{color:#ffffff;}.fusion-button.button-1:hover, .fusion-button.button-1:focus, .fusion-button.button-1:active{border-width:0px;border-color:#ffffff;}.fusion-button.button-1:hover .fusion-button-icon-divider, .fusion-button.button-1:hover .fusion-button-icon-divider, .fusion-button.button-1:active .fusion-button-icon-divider{border-color:#ffffff;}.fusion-button.button-1{background: #6666a4;}.fusion-button.button-1:hover,.button-1:focus,.fusion-button.button-1:active{background: #6969a6;}.fusion-button.button-1{width:auto;}<\/style><a class=\"fusion-button button-3d button-round button-xlarge button-default button-1\" target=\"_self\" href=\"https:\/\/www.pax-travel.com\/de\/destinationen\/\"><span class=\"fusion-button-text\">SIEHE ALLE DESTINATIONEN<\/span><\/a><\/div><\/div><\/div><div class=\"fusion-fullwidth fullwidth-box fusion-fullwidth-5  fusion-parallax-fixed nonhundred-percent-fullwidth faded-background\" style=\"border-color:#eae9e9;border-bottom-width: 0px;border-top-width: 0px;border-bottom-style: solid;border-top-style: solid;padding-bottom:100px;padding-top:110px;padding-left:0px;padding-right:0px;background-attachment:fixed;background-color:#6666a4;background-position:center center;background-repeat:no-repeat;-webkit-background-size:cover;-moz-background-size:cover;-o-background-size:cover;background-size:cover;-ms-filter: &quot;progid:DXImageTransform.Microsoft.AlphaImageLoader(src=&#039;https:\/\/www.pax-travel.com\/wp-content\/uploads\/2015\/02\/cristo-medjugorje_mini.jpg&#039;, sizingMethod=&#039;scale&#039;)&quot;;\"><style type=\"text\/css\" scoped=\"scoped\">.fusion-fullwidth-5 {\n                            padding-left: 0px !important;\n                            padding-right: 0px !important;\n                        }<\/style><div class=\"fullwidth-faded\" style=\"background-attachment:fixed;background-color:#6666a4;background-image: url(https:\/\/www.pax-travel.com\/wp-content\/uploads\/2015\/02\/cristo-medjugorje_mini.jpg);background-position:center center;background-repeat:no-repeat;-webkit-background-size:cover;-moz-background-size:cover;-o-background-size:cover;background-size:cover;\"><\/div><div class=\"fusion-row\"><div class=\"fusion-testimonials clean fusion-testimonials-1\" data-random=\"0\"><style type='text\/css' scoped='scoped'>\n\t\t#fusion-testimonials-1 a{border-color: #ffffff;}#fusion-testimonials-1 a:hover, #fusion-testimonials-1 .activeSlide{background-color: #ffffff;}\n\t\t.fusion-testimonials.clean.fusion-testimonials-1 .author:after{border-top-color:rgba(255,255,255,0) !important;}<\/style><div class=\"reviews\"><div class=\"review no-avatar\"><blockquote style=\"margin: -25px;background-color:rgba(255,255,255,0);\"><q style=\"background-color:rgba(255,255,255,0);color:#ffffff;\">&#8222;Die Welt ist ein Buch, und wer nicht reist, liest davon nicht eine einzige Seite&#8220;<\/q><\/blockquote><div class=\"author\" style=\"color:#ffffff;\"><span class=\"company-name\"><strong>H. Augustinus<\/strong><\/span><\/div><\/div><div class=\"review no-avatar\"><blockquote style=\"margin: -25px;background-color:rgba(255,255,255,0);\"><q style=\"background-color:rgba(255,255,255,0);color:#ffffff;\">\u201cKeiner kommt von einer Reise so zur\u00fcck, wie er weggefahren ist\u201d<\/q><\/blockquote><div class=\"author\" style=\"color:#ffffff;\"><span class=\"company-name\"><\/span><\/div><\/div><div class=\"review no-avatar\"><blockquote style=\"margin: -25px;background-color:rgba(255,255,255,0);\"><q style=\"background-color:rgba(255,255,255,0);color:#ffffff;\">&#8222;Leben ist eine Reise und wer reist lebt zweimal&#8220;<\/q><\/blockquote><div class=\"author\" style=\"color:#ffffff;\"><span class=\"company-name\"><\/span><\/div><\/div><\/div><div class=\"testimonial-pagination\" id=\"fusion-testimonials-1\"><\/div><\/div><\/div><\/div>\n<p><a href=\"\/\/www.pinterest.com\/pin\/create\/button\/\" data-pin-do=\"buttonBookmark\" data-pin-color=\"red\" data-pin-height=\"128\"><img src=\"\/\/assets.pinterest.com\/images\/pidgets\/pinit_fg_en_rect_red_28.png\" \/><\/a><\/p>","protected":false},"excerpt":{"rendered":"","protected":false},"author":1,"featured_media":0,"parent":0,"menu_order":0,"comment_status":"closed","ping_status":"open","template":"100-width.php","meta":{"footnotes":""},"yoast_head":"<!-- This site is optimized with the Yoast SEO plugin v21.2 - https:\/\/yoast.com\/wordpress\/plugins\/seo\/ -->\n<title>Home - Pax Travel - Medjugorje<\/title>\n<meta name=\"robots\" content=\"index, follow, max-snippet:-1, max-image-preview:large, max-video-preview:-1\" \/>\n<link rel=\"canonical\" href=\"https:\/\/www.pax-travel.com\/de\/\" \/>\n<meta property=\"og:locale\" content=\"de_DE\" \/>\n<meta property=\"og:type\" content=\"article\" \/>\n<meta property=\"og:title\" content=\"Home - Pax Travel - Medjugorje\" \/>\n<meta property=\"og:url\" content=\"https:\/\/www.pax-travel.com\/de\/\" \/>\n<meta property=\"og:site_name\" content=\"Pax Travel - Medjugorje\" \/>\n<meta property=\"article:modified_time\" content=\"2018-11-13T14:39:15+00:00\" \/>\n<meta property=\"og:image\" content=\"https:\/\/www.pax-travel.com\/wp-content\/uploads\/2015\/01\/Medjugorje-SanGiacomo_mini.jpg\" \/>\n<meta name=\"twitter:card\" content=\"summary_large_image\" \/>\n<meta name=\"twitter:label1\" content=\"Gesch\u00e4tzte Lesezeit\" \/>\n\t<meta name=\"twitter:data1\" content=\"9\u00a0Minuten\" \/>\n<script type=\"application\/ld+json\" class=\"yoast-schema-graph\">{\"@context\":\"https:\/\/schema.org\",\"@graph\":[{\"@type\":\"WebPage\",\"@id\":\"https:\/\/www.pax-travel.com\/de\/\",\"url\":\"https:\/\/www.pax-travel.com\/de\/\",\"name\":\"Home - Pax Travel - Medjugorje\",\"isPartOf\":{\"@id\":\"https:\/\/www.pax-travel.com\/#website\"},\"datePublished\":\"2015-01-27T11:54:04+00:00\",\"dateModified\":\"2018-11-13T14:39:15+00:00\",\"breadcrumb\":{\"@id\":\"https:\/\/www.pax-travel.com\/de\/#breadcrumb\"},\"inLanguage\":\"de\",\"potentialAction\":[{\"@type\":\"ReadAction\",\"target\":[\"https:\/\/www.pax-travel.com\/de\/\"]}]},{\"@type\":\"BreadcrumbList\",\"@id\":\"https:\/\/www.pax-travel.com\/de\/#breadcrumb\",\"itemListElement\":[{\"@type\":\"ListItem\",\"position\":1,\"name\":\"Home\",\"item\":\"https:\/\/www.pax-travel.com\/de\/\"},{\"@type\":\"ListItem\",\"position\":2,\"name\":\"Home\"}]},{\"@type\":\"WebSite\",\"@id\":\"https:\/\/www.pax-travel.com\/#website\",\"url\":\"https:\/\/www.pax-travel.com\/\",\"name\":\"Pax Travel - Medjugorje\",\"description\":\"Reiseb\u00fcro in Medjugorje\",\"potentialAction\":[{\"@type\":\"SearchAction\",\"target\":{\"@type\":\"EntryPoint\",\"urlTemplate\":\"https:\/\/www.pax-travel.com\/?s={search_term_string}\"},\"query-input\":\"required name=search_term_string\"}],\"inLanguage\":\"de\"}]}<\/script>\n<!-- \/ Yoast SEO plugin. -->","yoast_head_json":{"title":"Home - Pax Travel - Medjugorje","robots":{"index":"index","follow":"follow","max-snippet":"max-snippet:-1","max-image-preview":"max-image-preview:large","max-video-preview":"max-video-preview:-1"},"canonical":"https:\/\/www.pax-travel.com\/de\/","og_locale":"de_DE","og_type":"article","og_title":"Home - Pax Travel - Medjugorje","og_url":"https:\/\/www.pax-travel.com\/de\/","og_site_name":"Pax Travel - Medjugorje","article_modified_time":"2018-11-13T14:39:15+00:00","og_image":[{"url":"https:\/\/www.pax-travel.com\/wp-content\/uploads\/2015\/01\/Medjugorje-SanGiacomo_mini.jpg"}],"twitter_card":"summary_large_image","twitter_misc":{"Gesch\u00e4tzte Lesezeit":"9\u00a0Minuten"},"schema":{"@context":"https:\/\/schema.org","@graph":[{"@type":"WebPage","@id":"https:\/\/www.pax-travel.com\/de\/","url":"https:\/\/www.pax-travel.com\/de\/","name":"Home - Pax Travel - Medjugorje","isPartOf":{"@id":"https:\/\/www.pax-travel.com\/#website"},"datePublished":"2015-01-27T11:54:04+00:00","dateModified":"2018-11-13T14:39:15+00:00","breadcrumb":{"@id":"https:\/\/www.pax-travel.com\/de\/#breadcrumb"},"inLanguage":"de","potentialAction":[{"@type":"ReadAction","target":["https:\/\/www.pax-travel.com\/de\/"]}]},{"@type":"BreadcrumbList","@id":"https:\/\/www.pax-travel.com\/de\/#breadcrumb","itemListElement":[{"@type":"ListItem","position":1,"name":"Home","item":"https:\/\/www.pax-travel.com\/de\/"},{"@type":"ListItem","position":2,"name":"Home"}]},{"@type":"WebSite","@id":"https:\/\/www.pax-travel.com\/#website","url":"https:\/\/www.pax-travel.com\/","name":"Pax Travel - Medjugorje","description":"Reiseb\u00fcro in Medjugorje","potentialAction":[{"@type":"SearchAction","target":{"@type":"EntryPoint","urlTemplate":"https:\/\/www.pax-travel.com\/?s={search_term_string}"},"query-input":"required name=search_term_string"}],"inLanguage":"de"}]}},"_links":{"self":[{"href":"https:\/\/www.pax-travel.com\/de\/wp-json\/wp\/v2\/pages\/3311"}],"collection":[{"href":"https:\/\/www.pax-travel.com\/de\/wp-json\/wp\/v2\/pages"}],"about":[{"href":"https:\/\/www.pax-travel.com\/de\/wp-json\/wp\/v2\/types\/page"}],"author":[{"embeddable":true,"href":"https:\/\/www.pax-travel.com\/de\/wp-json\/wp\/v2\/users\/1"}],"replies":[{"embeddable":true,"href":"https:\/\/www.pax-travel.com\/de\/wp-json\/wp\/v2\/comments?post=3311"}],"version-history":[{"count":16,"href":"https:\/\/www.pax-travel.com\/de\/wp-json\/wp\/v2\/pages\/3311\/revisions"}],"predecessor-version":[{"id":8028,"href":"https:\/\/www.pax-travel.com\/de\/wp-json\/wp\/v2\/pages\/3311\/revisions\/8028"}],"wp:attachment":[{"href":"https:\/\/www.pax-travel.com\/de\/wp-json\/wp\/v2\/media?parent=3311"}],"curies":[{"name":"wp","href":"https:\/\/api.w.org\/{rel}","templated":true}]}}