{"id":6622,"date":"2017-04-03T13:43:07","date_gmt":"2017-04-03T13:43:07","guid":{"rendered":"https:\/\/www.pax-travel.com\/de\/nature-adventure\/"},"modified":"2018-11-13T11:51:15","modified_gmt":"2018-11-13T11:51:15","slug":"natur-und-abenteuer","status":"publish","type":"page","link":"https:\/\/www.pax-travel.com\/de\/natur-und-abenteuer\/","title":{"rendered":"Natur und Abenteuer"},"content":{"rendered":"<div class=\"fusion-fullwidth fullwidth-box fusion-fullwidth-1  fusion-parallax-none nonhundred-percent-fullwidth\" style=\"border-color:#eae9e9;border-bottom-width: 0px;border-top-width: 0px;border-bottom-style: solid;border-top-style: solid;padding-bottom:0px;padding-top:20px;padding-left:0px;padding-right:0px;background-color:rgba(255,255,255,0);\"><style type=\"text\/css\" scoped=\"scoped\">.fusion-fullwidth-1 {\n                            padding-left: 0px !important;\n                            padding-right: 0px !important;\n                        }<\/style><div class=\"fusion-row\"><div class=\"fusion-one-full fusion-layout-column fusion-column-last fusion-spacing-yes\" style=\"margin-top:0px;margin-bottom:20px;\"><div class=\"fusion-column-wrapper\"><h1 style=\"text-align: center;\">Natur und Abenteuer<\/h1>\n<h2 style=\"text-align: center;\">Unsere Angebote f\u00fcr spannende Abenteuer inmitten der Natur<\/h2>\n<p>Pax travel hat f\u00fcr jeden von Ihnen Ausfl\u00fcge vorbereitet, um Ihnen das Land, das f\u00fcr jeden Einzelnen etwas bietet, vorzustellen. Angefangen bei denen, die Geschichte und Kultur erkunden m\u04e7chten, \u00fcber diejenigen, die sich in der unber\u00fchrten Natur entspannen wollen bis zu den Adrenalin-S\u00fcchtigen. Und das alles begleitet von der landestypischen \u00a0k\u04e7stlichen K\u00fcche.<\/p>\n<div class=\"fusion-clearfix\"><\/div><\/div><\/div><div class=\"fusion-clearfix\"><\/div><\/div><\/div><div class=\"fusion-fullwidth fullwidth-box fusion-fullwidth-2  fusion-parallax-none nonhundred-percent-fullwidth fusion-equal-height-columns\" style=\"border-color:#eae9e9;border-bottom-width: 0px;border-top-width: 0px;border-bottom-style: solid;border-top-style: solid;padding-bottom:65px;padding-top:20px;padding-left:0px;padding-right:0px;background-color:#f0f0ed;\"><style type=\"text\/css\" scoped=\"scoped\">.fusion-fullwidth-2 {\n                            padding-left: 0px !important;\n                            padding-right: 0px !important;\n                        }<\/style><div class=\"fusion-row\"><div class=\"fusion-one-third fusion-layout-column fusion-spacing-yes\" style=\"margin-top:0px;margin-bottom:20px;\"><div class=\"fusion-column-wrapper\"><style type='text\/css'>.reading-box-container-1 .element-bottomshadow:before,.reading-box-container-1 .element-bottomshadow:after{opacity:0.7;}<\/style><div class=\"fusion-reading-box-container reading-box-container-1\" style=\"margin-top:0px;margin-bottom:84px;\"><div class=\"reading-box reading-box-center\" style=\"background-color:#ffffff;border-width:1px;border-color:#000000;border-style:solid;\"><h2>Photo Safari Vid<\/h2><div class=\"reading-box-additional\"><img decoding=\"async\" loading=\"lazy\" class=\"aligncenter size-full wp-image-6604\" src=\"https:\/\/www.pax-travel.com\/wp-content\/uploads\/2017\/04\/Photosafari-Vid.jpg\" alt=\"photo safari Vid - Pax Travel Medjugorje\" width=\"800\" height=\"533\" srcset=\"https:\/\/www.pax-travel.com\/wp-content\/uploads\/2017\/04\/Photosafari-Vid-300x200.jpg 300w, https:\/\/www.pax-travel.com\/wp-content\/uploads\/2017\/04\/Photosafari-Vid-768x512.jpg 768w, https:\/\/www.pax-travel.com\/wp-content\/uploads\/2017\/04\/Photosafari-Vid.jpg 800w\" sizes=\"(max-width: 800px) 100vw, 800px\" \/><\/div><a class=\"button fusion-button button-lightgray button-square fusion-button-large button-large button-flat  fusion-mobile-button continue-center\" style=\"-webkit-box-shadow:none;-moz-box-shadow:none;box-shadow:none;\" href=\"https:\/\/www.pax-travel.com\/de\/natur-und-abenteuer\/foto-safari-vid\/\" target=\"_self\"><span>Entdecken Sie mehr!<\/span><\/a><\/div><\/div><div class=\"fusion-clearfix\"><\/div><\/div><\/div><div class=\"fusion-one-third fusion-layout-column fusion-spacing-yes\" style=\"margin-top:0px;margin-bottom:20px;\"><div class=\"fusion-column-wrapper\"><style type='text\/css'>.reading-box-container-2 .element-bottomshadow:before,.reading-box-container-2 .element-bottomshadow:after{opacity:0.7;}<\/style><div class=\"fusion-reading-box-container reading-box-container-2\" style=\"margin-top:0px;margin-bottom:84px;\"><div class=\"reading-box reading-box-center\" style=\"background-color:#ffffff;border-width:1px;border-color:#000000;border-style:solid;\"><h2>Rafting Neretva<\/h2><div class=\"reading-box-additional\"><img decoding=\"async\" loading=\"lazy\" class=\"aligncenter size-full wp-image-6557\" src=\"https:\/\/www.pax-travel.com\/wp-content\/uploads\/2017\/04\/rafting-neretva.jpg\" alt=\"rafting-neretva\" width=\"800\" height=\"533\" srcset=\"https:\/\/www.pax-travel.com\/wp-content\/uploads\/2017\/04\/rafting-neretva-300x200.jpg 300w, https:\/\/www.pax-travel.com\/wp-content\/uploads\/2017\/04\/rafting-neretva-768x512.jpg 768w, https:\/\/www.pax-travel.com\/wp-content\/uploads\/2017\/04\/rafting-neretva.jpg 800w\" sizes=\"(max-width: 800px) 100vw, 800px\" \/><\/div><a class=\"button fusion-button button-lightgray button-square fusion-button-large button-large button-flat  fusion-mobile-button continue-center\" style=\"-webkit-box-shadow:none;-moz-box-shadow:none;box-shadow:none;\" href=\"https:\/\/www.pax-travel.com\/de\/natur-und-abenteuer\/rafting-neretva\/\" target=\"_self\"><span>Entdecken Sie mehr!<\/span><\/a><\/div><\/div><div class=\"fusion-clearfix\"><\/div><\/div><\/div><div class=\"fusion-one-third fusion-layout-column fusion-column-last fusion-spacing-yes\" style=\"margin-top:0px;margin-bottom:20px;\"><div class=\"fusion-column-wrapper\"><style type='text\/css'>.reading-box-container-3 .element-bottomshadow:before,.reading-box-container-3 .element-bottomshadow:after{opacity:0.7;}<\/style><div class=\"fusion-reading-box-container reading-box-container-3\" style=\"margin-top:0px;margin-bottom:84px;\"><div class=\"reading-box reading-box-center\" style=\"background-color:#ffffff;border-width:1px;border-color:#000000;border-style:solid;\"><h2>Safari Trebizat<\/h2><div class=\"reading-box-additional\"><img decoding=\"async\" loading=\"lazy\" class=\"aligncenter size-full wp-image-6542\" src=\"https:\/\/www.pax-travel.com\/wp-content\/uploads\/2017\/04\/canoe-safari-trebizet.jpg\" alt=\"canoe-safari-trebizet\" width=\"800\" height=\"553\" srcset=\"https:\/\/www.pax-travel.com\/wp-content\/uploads\/2017\/04\/canoe-safari-trebizet-300x207.jpg 300w, https:\/\/www.pax-travel.com\/wp-content\/uploads\/2017\/04\/canoe-safari-trebizet-768x531.jpg 768w, https:\/\/www.pax-travel.com\/wp-content\/uploads\/2017\/04\/canoe-safari-trebizet.jpg 800w\" sizes=\"(max-width: 800px) 100vw, 800px\" \/><\/div><a class=\"button fusion-button button-lightgray button-square fusion-button-large button-large button-flat  fusion-mobile-button continue-center\" style=\"-webkit-box-shadow:none;-moz-box-shadow:none;box-shadow:none;\" href=\"https:\/\/www.pax-travel.com\/de\/natur-und-abenteuer\/kanu-safari-auf-dem-trebizat-fluss\/\" target=\"_self\"><span>Entdecken Sie mehr!<\/span><\/a><\/div><\/div><div class=\"fusion-clearfix\"><\/div><\/div><\/div><div class=\"fusion-clearfix\"><\/div><div class=\"fusion-one-third fusion-layout-column fusion-spacing-yes\" style=\"margin-top:0px;margin-bottom:20px;\"><div class=\"fusion-column-wrapper\"><style type='text\/css'>.reading-box-container-4 .element-bottomshadow:before,.reading-box-container-4 .element-bottomshadow:after{opacity:0.7;}<\/style><div class=\"fusion-reading-box-container reading-box-container-4\" style=\"margin-top:0px;margin-bottom:84px;\"><div class=\"reading-box reading-box-center\" style=\"background-color:#ffffff;border-width:1px;border-color:#000000;border-style:solid;\"><h2>Hutovo Blato<\/h2><div class=\"reading-box-additional\"><img decoding=\"async\" loading=\"lazy\" class=\"aligncenter size-full wp-image-6547\" src=\"https:\/\/www.pax-travel.com\/wp-content\/uploads\/2017\/04\/hutovo-blato.jpg\" alt=\"Hutovo Blato - Pax Travel Medjugorje\" width=\"800\" height=\"553\" srcset=\"https:\/\/www.pax-travel.com\/wp-content\/uploads\/2017\/04\/hutovo-blato-300x207.jpg 300w, https:\/\/www.pax-travel.com\/wp-content\/uploads\/2017\/04\/hutovo-blato-768x531.jpg 768w, https:\/\/www.pax-travel.com\/wp-content\/uploads\/2017\/04\/hutovo-blato.jpg 800w\" sizes=\"(max-width: 800px) 100vw, 800px\" \/><\/div><a class=\"button fusion-button button-lightgray button-square fusion-button-large button-large button-flat  fusion-mobile-button continue-center\" style=\"-webkit-box-shadow:none;-moz-box-shadow:none;box-shadow:none;\" href=\"https:\/\/www.pax-travel.com\/de\/natur-und-abenteuer\/hutovo-blato\/\" target=\"_self\"><span>Entdecken Sie mehr!<\/span><\/a><\/div><\/div><div class=\"fusion-clearfix\"><\/div><\/div><\/div><div class=\"fusion-one-third fusion-layout-column fusion-spacing-yes\" style=\"margin-top:0px;margin-bottom:20px;\"><div class=\"fusion-column-wrapper\"><style type='text\/css'>.reading-box-container-5 .element-bottomshadow:before,.reading-box-container-5 .element-bottomshadow:after{opacity:0.7;}<\/style><div class=\"fusion-reading-box-container reading-box-container-5\" style=\"margin-top:0px;margin-bottom:84px;\"><div class=\"reading-box reading-box-center\" style=\"background-color:#ffffff;border-width:1px;border-color:#000000;border-style:solid;\"><h2>Jeep Safari<\/h2><div class=\"reading-box-additional\"><img decoding=\"async\" loading=\"lazy\" class=\"aligncenter size-full wp-image-6766\" src=\"https:\/\/www.pax-travel.com\/wp-content\/uploads\/2017\/04\/jeep-safari-Sutjeska.jpg\" alt=\"jeep-safari-Sutjeska\" width=\"800\" height=\"553\" srcset=\"https:\/\/www.pax-travel.com\/wp-content\/uploads\/2017\/04\/jeep-safari-Sutjeska-300x207.jpg 300w, https:\/\/www.pax-travel.com\/wp-content\/uploads\/2017\/04\/jeep-safari-Sutjeska-768x531.jpg 768w, https:\/\/www.pax-travel.com\/wp-content\/uploads\/2017\/04\/jeep-safari-Sutjeska.jpg 800w\" sizes=\"(max-width: 800px) 100vw, 800px\" \/><\/div><a class=\"button fusion-button button-lightgray button-square fusion-button-large button-large button-flat  fusion-mobile-button continue-center\" style=\"-webkit-box-shadow:none;-moz-box-shadow:none;box-shadow:none;\" href=\"https:\/\/www.pax-travel.com\/de\/natur-und-abenteuer\/jeep-safari-nationalpark-sutjeska\/\" target=\"_self\"><span>Entdecken Sie mehr!<\/span><\/a><\/div><\/div><div class=\"fusion-clearfix\"><\/div><\/div><\/div><div class=\"fusion-one-third fusion-layout-column fusion-column-last fusion-spacing-yes\" style=\"margin-top:0px;margin-bottom:20px;\"><div class=\"fusion-column-wrapper\"><style type='text\/css'>.reading-box-container-6 .element-bottomshadow:before,.reading-box-container-6 .element-bottomshadow:after{opacity:0.7;}<\/style><div class=\"fusion-reading-box-container reading-box-container-6\" style=\"margin-top:0px;margin-bottom:84px;\"><div class=\"reading-box reading-box-center\" style=\"background-color:#ffffff;border-width:1px;border-color:#000000;border-style:solid;\"><h2>Weinstrasse<\/h2><div class=\"reading-box-additional\"><img decoding=\"async\" loading=\"lazy\" class=\"aligncenter size-full wp-image-6265\" src=\"https:\/\/www.pax-travel.com\/wp-content\/uploads\/2015\/01\/Cantina-600x400.jpg\" alt=\"\" width=\"600\" height=\"400\" srcset=\"https:\/\/www.pax-travel.com\/wp-content\/uploads\/2015\/01\/Cantina-600x400-300x200.jpg 300w, https:\/\/www.pax-travel.com\/wp-content\/uploads\/2015\/01\/Cantina-600x400.jpg 600w\" sizes=\"(max-width: 600px) 100vw, 600px\" \/><\/div><a class=\"button fusion-button button-lightgray button-square fusion-button-large button-large button-flat  fusion-mobile-button continue-center\" style=\"-webkit-box-shadow:none;-moz-box-shadow:none;box-shadow:none;\" href=\"https:\/\/www.pax-travel.com\/de\/reise-und-ausflugsziele\/weinstrasse-herzegowina\/\" target=\"_self\"><span>Entdecken Sie mehr!<\/span><\/a><\/div><\/div><div class=\"fusion-clearfix\"><\/div><\/div><\/div><div class=\"fusion-clearfix\"><\/div><\/div><\/div><div class=\"fusion-fullwidth fullwidth-box fusion-fullwidth-3  fusion-parallax-none nonhundred-percent-fullwidth fusion-equal-height-columns\" style=\"border-color:#eae9e9;border-bottom-width: 0px;border-top-width: 0px;border-bottom-style: solid;border-top-style: solid;padding-bottom:65px;padding-top:20px;padding-left:0px;padding-right:0px;background-color:#ffffff;\"><style type=\"text\/css\" scoped=\"scoped\">.fusion-fullwidth-3 {\n                            padding-left: 0px !important;\n                            padding-right: 0px !important;\n                        }<\/style><div class=\"fusion-row\"><h2>F\u00fcr weitere Informationen:<\/h2>\n\n<div class=\"wpcf7 no-js\" id=\"wpcf7-f2981-o1\" lang=\"it-IT\" dir=\"ltr\">\n<div class=\"screen-reader-response\"><p role=\"status\" aria-live=\"polite\" aria-atomic=\"true\"><\/p> <ul><\/ul><\/div>\n<form action=\"\/de\/wp-json\/wp\/v2\/pages\/6622#wpcf7-f2981-o1\" method=\"post\" class=\"wpcf7-form init\" aria-label=\"Modulo di contatto\" novalidate=\"novalidate\" data-status=\"init\">\n<div style=\"display: none;\">\n<input type=\"hidden\" name=\"_wpcf7\" value=\"2981\" \/>\n<input type=\"hidden\" name=\"_wpcf7_version\" value=\"5.8.1\" \/>\n<input type=\"hidden\" name=\"_wpcf7_locale\" value=\"it_IT\" \/>\n<input type=\"hidden\" name=\"_wpcf7_unit_tag\" value=\"wpcf7-f2981-o1\" \/>\n<input type=\"hidden\" name=\"_wpcf7_container_post\" value=\"0\" \/>\n<input type=\"hidden\" name=\"_wpcf7_posted_data_hash\" value=\"\" \/>\n<\/div>\n<p>Ihr Name (erforderlich)\n<\/p>\n<p><span class=\"wpcf7-form-control-wrap\" data-name=\"your-name\"><input size=\"40\" class=\"wpcf7-form-control wpcf7-text wpcf7-validates-as-required\" aria-required=\"true\" aria-invalid=\"false\" value=\"\" type=\"text\" name=\"your-name\" \/><\/span>\n<\/p>\n<p>Ihre E-Mail (erforderlich)\n<\/p>\n<p><span class=\"wpcf7-form-control-wrap\" data-name=\"your-email\"><input size=\"40\" class=\"wpcf7-form-control wpcf7-email wpcf7-validates-as-required wpcf7-text wpcf7-validates-as-email\" aria-required=\"true\" aria-invalid=\"false\" value=\"\" type=\"email\" name=\"your-email\" \/><\/span>\n<\/p>\n<p>Subject\n<\/p>\n<p><span class=\"wpcf7-form-control-wrap\" data-name=\"your-subject\"><input size=\"40\" class=\"wpcf7-form-control wpcf7-text\" aria-invalid=\"false\" value=\"\" type=\"text\" name=\"your-subject\" \/><\/span>\n<\/p>\n<p>Ihre Nachricht\n<\/p>\n<p><span class=\"wpcf7-form-control-wrap\" data-name=\"your-message\"><textarea cols=\"40\" rows=\"10\" class=\"wpcf7-form-control wpcf7-textarea\" aria-invalid=\"false\" name=\"your-message\"><\/textarea><\/span>\n<\/p>\n<p><span class=\"wpcf7-form-control-wrap\" data-name=\"acceptance-686\"><span class=\"wpcf7-form-control wpcf7-acceptance\"><span class=\"wpcf7-list-item\"><input type=\"checkbox\" name=\"acceptance-686\" value=\"1\" aria-invalid=\"false\" \/><\/span><\/span><\/span> Ich stimme der Verarbeitung der Daten - <a href=\"https:\/\/www.pax-travel.com\/de\/datenschutz-und-cookie-richtlinien\/\">Datenschutzerkl\u00e4rung<\/a>\n<\/p>\n<p><input class=\"wpcf7-form-control wpcf7-submit has-spinner\" type=\"submit\" value=\"Senden\" \/>\n<\/p><div class=\"wpcf7-response-output\" aria-hidden=\"true\"><\/div>\n<\/form>\n<\/div>\n\n<\/div><\/div><p>\u00a0<\/p>\n\n<p><a href=\"\/\/www.pinterest.com\/pin\/create\/button\/\" data-pin-do=\"buttonBookmark\" data-pin-color=\"red\" data-pin-height=\"128\"><img src=\"\/\/assets.pinterest.com\/images\/pidgets\/pinit_fg_en_rect_red_28.png\" \/><\/a><\/p>","protected":false},"excerpt":{"rendered":"","protected":false},"author":1,"featured_media":0,"parent":0,"menu_order":0,"comment_status":"closed","ping_status":"closed","template":"100-width.php","meta":{"footnotes":""},"yoast_head":"<!-- This site is optimized with the Yoast SEO plugin v21.2 - https:\/\/yoast.com\/wordpress\/plugins\/seo\/ -->\n<title>Natur und Abenteuer - Pax Travel - Medjugorje<\/title>\n<meta name=\"robots\" content=\"index, follow, max-snippet:-1, max-image-preview:large, max-video-preview:-1\" \/>\n<link rel=\"canonical\" href=\"https:\/\/www.pax-travel.com\/natura-e-avventura\/\" \/>\n<meta property=\"og:locale\" content=\"de_DE\" \/>\n<meta property=\"og:type\" content=\"article\" \/>\n<meta property=\"og:title\" content=\"Natur und Abenteuer - Pax Travel - Medjugorje\" \/>\n<meta property=\"og:url\" content=\"https:\/\/www.pax-travel.com\/natura-e-avventura\/\" \/>\n<meta property=\"og:site_name\" content=\"Pax Travel - Medjugorje\" \/>\n<meta property=\"article:modified_time\" content=\"2018-11-13T11:51:15+00:00\" \/>\n<meta property=\"og:image\" content=\"https:\/\/www.pax-travel.com\/wp-content\/uploads\/2017\/04\/Photosafari-Vid.jpg\" \/>\n<meta name=\"twitter:card\" content=\"summary_large_image\" \/>\n<meta name=\"twitter:label1\" content=\"Gesch\u00e4tzte Lesezeit\" \/>\n\t<meta name=\"twitter:data1\" content=\"6\u00a0Minuten\" \/>\n<script type=\"application\/ld+json\" class=\"yoast-schema-graph\">{\"@context\":\"https:\/\/schema.org\",\"@graph\":[{\"@type\":\"WebPage\",\"@id\":\"https:\/\/www.pax-travel.com\/natura-e-avventura\/\",\"url\":\"https:\/\/www.pax-travel.com\/natura-e-avventura\/\",\"name\":\"Natur und Abenteuer - Pax Travel - Medjugorje\",\"isPartOf\":{\"@id\":\"https:\/\/www.pax-travel.com\/#website\"},\"datePublished\":\"2017-04-03T13:43:07+00:00\",\"dateModified\":\"2018-11-13T11:51:15+00:00\",\"breadcrumb\":{\"@id\":\"https:\/\/www.pax-travel.com\/natura-e-avventura\/#breadcrumb\"},\"inLanguage\":\"de\",\"potentialAction\":[{\"@type\":\"ReadAction\",\"target\":[\"https:\/\/www.pax-travel.com\/natura-e-avventura\/\"]}]},{\"@type\":\"BreadcrumbList\",\"@id\":\"https:\/\/www.pax-travel.com\/natura-e-avventura\/#breadcrumb\",\"itemListElement\":[{\"@type\":\"ListItem\",\"position\":1,\"name\":\"Home\",\"item\":\"https:\/\/www.pax-travel.com\/de\/\"},{\"@type\":\"ListItem\",\"position\":2,\"name\":\"Natur und Abenteuer\"}]},{\"@type\":\"WebSite\",\"@id\":\"https:\/\/www.pax-travel.com\/#website\",\"url\":\"https:\/\/www.pax-travel.com\/\",\"name\":\"Pax Travel - Medjugorje\",\"description\":\"Reiseb\u00fcro in Medjugorje\",\"potentialAction\":[{\"@type\":\"SearchAction\",\"target\":{\"@type\":\"EntryPoint\",\"urlTemplate\":\"https:\/\/www.pax-travel.com\/?s={search_term_string}\"},\"query-input\":\"required name=search_term_string\"}],\"inLanguage\":\"de\"}]}<\/script>\n<!-- \/ Yoast SEO plugin. -->","yoast_head_json":{"title":"Natur und Abenteuer - Pax Travel - Medjugorje","robots":{"index":"index","follow":"follow","max-snippet":"max-snippet:-1","max-image-preview":"max-image-preview:large","max-video-preview":"max-video-preview:-1"},"canonical":"https:\/\/www.pax-travel.com\/natura-e-avventura\/","og_locale":"de_DE","og_type":"article","og_title":"Natur und Abenteuer - Pax Travel - Medjugorje","og_url":"https:\/\/www.pax-travel.com\/natura-e-avventura\/","og_site_name":"Pax Travel - Medjugorje","article_modified_time":"2018-11-13T11:51:15+00:00","og_image":[{"url":"https:\/\/www.pax-travel.com\/wp-content\/uploads\/2017\/04\/Photosafari-Vid.jpg"}],"twitter_card":"summary_large_image","twitter_misc":{"Gesch\u00e4tzte Lesezeit":"6\u00a0Minuten"},"schema":{"@context":"https:\/\/schema.org","@graph":[{"@type":"WebPage","@id":"https:\/\/www.pax-travel.com\/natura-e-avventura\/","url":"https:\/\/www.pax-travel.com\/natura-e-avventura\/","name":"Natur und Abenteuer - Pax Travel - Medjugorje","isPartOf":{"@id":"https:\/\/www.pax-travel.com\/#website"},"datePublished":"2017-04-03T13:43:07+00:00","dateModified":"2018-11-13T11:51:15+00:00","breadcrumb":{"@id":"https:\/\/www.pax-travel.com\/natura-e-avventura\/#breadcrumb"},"inLanguage":"de","potentialAction":[{"@type":"ReadAction","target":["https:\/\/www.pax-travel.com\/natura-e-avventura\/"]}]},{"@type":"BreadcrumbList","@id":"https:\/\/www.pax-travel.com\/natura-e-avventura\/#breadcrumb","itemListElement":[{"@type":"ListItem","position":1,"name":"Home","item":"https:\/\/www.pax-travel.com\/de\/"},{"@type":"ListItem","position":2,"name":"Natur und Abenteuer"}]},{"@type":"WebSite","@id":"https:\/\/www.pax-travel.com\/#website","url":"https:\/\/www.pax-travel.com\/","name":"Pax Travel - Medjugorje","description":"Reiseb\u00fcro in Medjugorje","potentialAction":[{"@type":"SearchAction","target":{"@type":"EntryPoint","urlTemplate":"https:\/\/www.pax-travel.com\/?s={search_term_string}"},"query-input":"required name=search_term_string"}],"inLanguage":"de"}]}},"_links":{"self":[{"href":"https:\/\/www.pax-travel.com\/de\/wp-json\/wp\/v2\/pages\/6622"}],"collection":[{"href":"https:\/\/www.pax-travel.com\/de\/wp-json\/wp\/v2\/pages"}],"about":[{"href":"https:\/\/www.pax-travel.com\/de\/wp-json\/wp\/v2\/types\/page"}],"author":[{"embeddable":true,"href":"https:\/\/www.pax-travel.com\/de\/wp-json\/wp\/v2\/users\/1"}],"replies":[{"embeddable":true,"href":"https:\/\/www.pax-travel.com\/de\/wp-json\/wp\/v2\/comments?post=6622"}],"version-history":[{"count":10,"href":"https:\/\/www.pax-travel.com\/de\/wp-json\/wp\/v2\/pages\/6622\/revisions"}],"predecessor-version":[{"id":7989,"href":"https:\/\/www.pax-travel.com\/de\/wp-json\/wp\/v2\/pages\/6622\/revisions\/7989"}],"wp:attachment":[{"href":"https:\/\/www.pax-travel.com\/de\/wp-json\/wp\/v2\/media?parent=6622"}],"curies":[{"name":"wp","href":"https:\/\/api.w.org\/{rel}","templated":true}]}}