{"id":7056,"date":"2017-06-28T15:12:06","date_gmt":"2017-06-28T15:12:06","guid":{"rendered":"https:\/\/www.pax-travel.com\/de\/destinationen\/humac\/"},"modified":"2017-06-30T09:35:52","modified_gmt":"2017-06-30T09:35:52","slug":"humac","status":"publish","type":"page","link":"https:\/\/www.pax-travel.com\/de\/reise-und-ausflugsziele\/humac\/","title":{"rendered":"Humac"},"content":{"rendered":"<div class=\"fusion-fullwidth fullwidth-box fusion-fullwidth-1  fusion-parallax-none nonhundred-percent-fullwidth\" style=\"border-color:#eae9e9;border-bottom-width: 0px;border-top-width: 0px;border-bottom-style: solid;border-top-style: solid;padding-bottom:20px;padding-top:20px;padding-left:;padding-right:;background-color:rgba(255,255,255,0);\"><style type=\"text\/css\" scoped=\"scoped\">.fusion-fullwidth-1 {\n                            padding-left: px !important;\n                            padding-right: px !important;\n                        }<\/style><div class=\"fusion-row\"><div class=\"fusion-one-full fusion-layout-column fusion-column-last fusion-spacing-yes\" style=\"margin-top:0px;margin-bottom:20px;\"><div class=\"fusion-column-wrapper\"><h1>Humac<\/h1>\n<div class=\"fusion-clearfix\"><\/div><\/div><\/div><div class=\"fusion-clearfix\"><\/div><div class=\"fusion-one-third fusion-layout-column fusion-spacing-yes\" style=\"margin-top:0px;margin-bottom:20px;\"><div class=\"fusion-column-wrapper\"><p>Die \u00e4lteste Klosterkirche im gesamten Herceg \u2013 Bosnien ist in Humac, nur zehn Kilometer von Medjugorje entfernt. Im Franziskanerkloster St. Antonius von Padua in Humac ist das \u00e4lteste Museum in Bosnien und Herzegowina, im Jahre 1884 gegr\u00fcndet. In dem renovierten Museum sind Sachen ausgestellt, die in der Herzegowina von der Altsteinzeit (Pal\u00e4olithikum) bis zur Gegenwart gesammelt worden sind . Das Museum enth\u00e4lt auch Humacka ploca von 1185, das \u00e4lteste erhaltene Denkmal in der kroatischen Sprache geschrieben. Das Franziskanerkloster von St. Antonius von Padua in Humac verf\u00fcgt \u00fcber eine reiche Sammlung von etwa 300 Kunstwerke in einer Galerie unter dem Namen \u201cMutter\u201d ausgestellt.<\/p>\n<div class=\"fusion-clearfix\"><\/div><\/div><\/div><div class=\"fusion-two-third fusion-layout-column fusion-column-last fusion-spacing-yes\" style=\"margin-top:0px;margin-bottom:20px;\"><div class=\"fusion-column-wrapper\"><span class=\"fusion-imageframe imageframe-none imageframe-1 hover-type-none\"> <img loading=\"lazy\" decoding=\"async\" alt=\"\" src=\"https:\/\/www.pax-travel.com\/wp-content\/uploads\/2015\/01\/museum-Humac-2.jpg\" width=\"800\" height=\"533\"class=\"img-responsive wp-image-3645\"\/><\/span><div class=\"fusion-clearfix\"><\/div><\/div><\/div><div class=\"fusion-clearfix\"><\/div><div class=\"fusion-image-carousel fusion-image-carousel-fixed lightbox-enabled fusion-carousel-border\"><div class=\"fusion-carousel\" data-autoplay=\"yes\" data-columns=\"5\" data-itemmargin=\"13\" data-itemwidth=\"180\" data-touchscroll=\"no\" data-imagesize=\"fixed\"><div class=\"fusion-carousel-positioner\"><ul class=\"fusion-carousel-holder\"><li class=\"fusion-carousel-item\"><div class=\"fusion-carousel-item-wrapper\"><div class=\"fusion-image-wrapper hover-type-liftup\"><a data-rel=\"iLightbox[gallery_image_1]\" data-title=\"7_Humac_muzej\" href=\"https:\/\/www.pax-travel.com\/wp-content\/uploads\/2015\/01\/7_Humac_muzej.jpg\" target=\"_self\"><img src=\"https:\/\/www.pax-travel.com\/wp-content\/uploads\/2015\/01\/7_Humac_muzej.jpg\" width=\"650\" height=\"432\" alt=\"\" \/><\/a><\/div><\/div><\/li><li class=\"fusion-carousel-item\"><div class=\"fusion-carousel-item-wrapper\"><div class=\"fusion-image-wrapper hover-type-liftup\"><a data-rel=\"iLightbox[gallery_image_1]\" data-title=\"humac_svetiste_006\" href=\"https:\/\/www.pax-travel.com\/wp-content\/uploads\/2015\/01\/humac_svetiste_006.jpg\" target=\"_self\"><img src=\"https:\/\/www.pax-travel.com\/wp-content\/uploads\/2015\/01\/humac_svetiste_006.jpg\" width=\"660\" height=\"364\" alt=\"\" \/><\/a><\/div><\/div><\/li><li class=\"fusion-carousel-item\"><div class=\"fusion-carousel-item-wrapper\"><div class=\"fusion-image-wrapper hover-type-liftup\"><a data-rel=\"iLightbox[gallery_image_1]\" data-title=\"Humac museum\" href=\"https:\/\/www.pax-travel.com\/wp-content\/uploads\/2015\/01\/Humac-museum.jpg\" target=\"_self\"><img src=\"https:\/\/www.pax-travel.com\/wp-content\/uploads\/2015\/01\/Humac-museum.jpg\" width=\"650\" height=\"432\" alt=\"\" \/><\/a><\/div><\/div><\/li><li class=\"fusion-carousel-item\"><div class=\"fusion-carousel-item-wrapper\"><div class=\"fusion-image-wrapper hover-type-liftup\"><a data-rel=\"iLightbox[gallery_image_1]\" data-title=\"16_Humac_knjiznica\" href=\"https:\/\/www.pax-travel.com\/wp-content\/uploads\/2015\/01\/16_Humac_knjiznica.jpg\" target=\"_self\"><img src=\"https:\/\/www.pax-travel.com\/wp-content\/uploads\/2015\/01\/16_Humac_knjiznica.jpg\" width=\"650\" height=\"433\" alt=\"\" \/><\/a><\/div><\/div><\/li><li class=\"fusion-carousel-item\"><div class=\"fusion-carousel-item-wrapper\"><div class=\"fusion-image-wrapper hover-type-liftup\"><a data-rel=\"iLightbox[gallery_image_1]\" data-title=\"18_Humac_muzej\" href=\"https:\/\/www.pax-travel.com\/wp-content\/uploads\/2015\/01\/18_Humac_muzej.jpg\" target=\"_self\"><img src=\"https:\/\/www.pax-travel.com\/wp-content\/uploads\/2015\/01\/18_Humac_muzej.jpg\" width=\"650\" height=\"432\" alt=\"\" \/><\/a><\/div><\/div><\/li><li class=\"fusion-carousel-item\"><div class=\"fusion-carousel-item-wrapper\"><div class=\"fusion-image-wrapper hover-type-liftup\"><a data-rel=\"iLightbox[gallery_image_1]\" data-title=\"14_Humac_muzej\" href=\"https:\/\/www.pax-travel.com\/wp-content\/uploads\/2015\/01\/14_Humac_muzej.jpg\" target=\"_self\"><img src=\"https:\/\/www.pax-travel.com\/wp-content\/uploads\/2015\/01\/14_Humac_muzej.jpg\" width=\"650\" height=\"433\" alt=\"\" \/><\/a><\/div><\/div><\/li><li class=\"fusion-carousel-item\"><div class=\"fusion-carousel-item-wrapper\"><div class=\"fusion-image-wrapper hover-type-liftup\"><a data-rel=\"iLightbox[gallery_image_1]\" data-title=\"7_Humac_muzej\" href=\"https:\/\/www.pax-travel.com\/wp-content\/uploads\/2015\/01\/7_Humac_muzej.jpg\" target=\"_self\"><img src=\"https:\/\/www.pax-travel.com\/wp-content\/uploads\/2015\/01\/7_Humac_muzej.jpg\" width=\"650\" height=\"432\" alt=\"\" \/><\/a><\/div><\/div><\/li><\/ul><div class=\"fusion-carousel-nav\"><span class=\"fusion-nav-prev\"><\/span><span class=\"fusion-nav-next\"><\/span><\/div><\/div><\/div><\/div><div class=\"fusion-sep-clear\"><\/div><div class=\"fusion-separator fusion-full-width-sep sep-single\" style=\"border-color:#000000;border-top-width:1px;margin-left: auto;margin-right: auto;margin-top:;margin-bottom:30px;\"><\/div><h2>F\u00fcr weitere Informationen:<\/h2>\n\n<div class=\"wpcf7 no-js\" id=\"wpcf7-f2981-o1\" lang=\"it-IT\" dir=\"ltr\">\n<div class=\"screen-reader-response\"><p role=\"status\" aria-live=\"polite\" aria-atomic=\"true\"><\/p> <ul><\/ul><\/div>\n<form action=\"\/de\/wp-json\/wp\/v2\/pages\/7056#wpcf7-f2981-o1\" method=\"post\" class=\"wpcf7-form init\" aria-label=\"Modulo di contatto\" novalidate=\"novalidate\" data-status=\"init\">\n<div style=\"display: none;\">\n<input type=\"hidden\" name=\"_wpcf7\" value=\"2981\" \/>\n<input type=\"hidden\" name=\"_wpcf7_version\" value=\"5.8.1\" \/>\n<input type=\"hidden\" name=\"_wpcf7_locale\" value=\"it_IT\" \/>\n<input type=\"hidden\" name=\"_wpcf7_unit_tag\" value=\"wpcf7-f2981-o1\" \/>\n<input type=\"hidden\" name=\"_wpcf7_container_post\" value=\"0\" \/>\n<input type=\"hidden\" name=\"_wpcf7_posted_data_hash\" value=\"\" \/>\n<\/div>\n<p>Ihr Name (erforderlich)\n<\/p>\n<p><span class=\"wpcf7-form-control-wrap\" data-name=\"your-name\"><input size=\"40\" class=\"wpcf7-form-control wpcf7-text wpcf7-validates-as-required\" aria-required=\"true\" aria-invalid=\"false\" value=\"\" type=\"text\" name=\"your-name\" \/><\/span>\n<\/p>\n<p>Ihre E-Mail (erforderlich)\n<\/p>\n<p><span class=\"wpcf7-form-control-wrap\" data-name=\"your-email\"><input size=\"40\" class=\"wpcf7-form-control wpcf7-email wpcf7-validates-as-required wpcf7-text wpcf7-validates-as-email\" aria-required=\"true\" aria-invalid=\"false\" value=\"\" type=\"email\" name=\"your-email\" \/><\/span>\n<\/p>\n<p>Subject\n<\/p>\n<p><span class=\"wpcf7-form-control-wrap\" data-name=\"your-subject\"><input size=\"40\" class=\"wpcf7-form-control wpcf7-text\" aria-invalid=\"false\" value=\"\" type=\"text\" name=\"your-subject\" \/><\/span>\n<\/p>\n<p>Ihre Nachricht\n<\/p>\n<p><span class=\"wpcf7-form-control-wrap\" data-name=\"your-message\"><textarea cols=\"40\" rows=\"10\" class=\"wpcf7-form-control wpcf7-textarea\" aria-invalid=\"false\" name=\"your-message\"><\/textarea><\/span>\n<\/p>\n<p><span class=\"wpcf7-form-control-wrap\" data-name=\"acceptance-686\"><span class=\"wpcf7-form-control wpcf7-acceptance\"><span class=\"wpcf7-list-item\"><input type=\"checkbox\" name=\"acceptance-686\" value=\"1\" aria-invalid=\"false\" \/><\/span><\/span><\/span> Ich stimme der Verarbeitung der Daten - <a href=\"https:\/\/www.pax-travel.com\/de\/datenschutz-und-cookie-richtlinien\/\">Datenschutzerkl\u00e4rung<\/a>\n<\/p>\n<p><input class=\"wpcf7-form-control wpcf7-submit has-spinner\" type=\"submit\" value=\"Senden\" \/>\n<\/p><div class=\"wpcf7-response-output\" aria-hidden=\"true\"><\/div>\n<\/form>\n<\/div>\n\n<\/div><\/div>\n<p><a href=\"\/\/www.pinterest.com\/pin\/create\/button\/\" data-pin-do=\"buttonBookmark\" data-pin-color=\"red\" data-pin-height=\"128\"><img src=\"\/\/assets.pinterest.com\/images\/pidgets\/pinit_fg_en_rect_red_28.png\" \/><\/a><\/p>","protected":false},"excerpt":{"rendered":"","protected":false},"author":1,"featured_media":0,"parent":3319,"menu_order":0,"comment_status":"closed","ping_status":"closed","template":"","meta":{"footnotes":""},"yoast_head":"<!-- This site is optimized with the Yoast SEO plugin v21.2 - https:\/\/yoast.com\/wordpress\/plugins\/seo\/ -->\n<title>Humac - Pax Travel - Medjugorje<\/title>\n<meta name=\"robots\" content=\"index, follow, max-snippet:-1, max-image-preview:large, max-video-preview:-1\" \/>\n<link rel=\"canonical\" href=\"https:\/\/www.pax-travel.com\/destinazioni\/humac\/\" \/>\n<meta property=\"og:locale\" content=\"de_DE\" \/>\n<meta property=\"og:type\" content=\"article\" \/>\n<meta property=\"og:title\" content=\"Humac - Pax Travel - Medjugorje\" \/>\n<meta property=\"og:url\" content=\"https:\/\/www.pax-travel.com\/destinazioni\/humac\/\" \/>\n<meta property=\"og:site_name\" content=\"Pax Travel - Medjugorje\" \/>\n<meta property=\"article:modified_time\" content=\"2017-06-30T09:35:52+00:00\" \/>\n<meta property=\"og:image\" content=\"https:\/\/www.pax-travel.com\/wp-content\/uploads\/2015\/01\/museum-Humac-2.jpg\" \/>\n<meta name=\"twitter:card\" content=\"summary_large_image\" \/>\n<meta name=\"twitter:label1\" content=\"Gesch\u00e4tzte Lesezeit\" \/>\n\t<meta name=\"twitter:data1\" content=\"3\u00a0Minuten\" \/>\n<script type=\"application\/ld+json\" class=\"yoast-schema-graph\">{\"@context\":\"https:\/\/schema.org\",\"@graph\":[{\"@type\":\"WebPage\",\"@id\":\"https:\/\/www.pax-travel.com\/destinazioni\/humac\/\",\"url\":\"https:\/\/www.pax-travel.com\/destinazioni\/humac\/\",\"name\":\"Humac - Pax Travel - Medjugorje\",\"isPartOf\":{\"@id\":\"https:\/\/www.pax-travel.com\/#website\"},\"datePublished\":\"2017-06-28T15:12:06+00:00\",\"dateModified\":\"2017-06-30T09:35:52+00:00\",\"breadcrumb\":{\"@id\":\"https:\/\/www.pax-travel.com\/destinazioni\/humac\/#breadcrumb\"},\"inLanguage\":\"de\",\"potentialAction\":[{\"@type\":\"ReadAction\",\"target\":[\"https:\/\/www.pax-travel.com\/destinazioni\/humac\/\"]}]},{\"@type\":\"BreadcrumbList\",\"@id\":\"https:\/\/www.pax-travel.com\/destinazioni\/humac\/#breadcrumb\",\"itemListElement\":[{\"@type\":\"ListItem\",\"position\":1,\"name\":\"Home\",\"item\":\"https:\/\/www.pax-travel.com\/de\/\"},{\"@type\":\"ListItem\",\"position\":2,\"name\":\"REISE- und AUSFLUGSZIELE\",\"item\":\"https:\/\/www.pax-travel.com\/destinazioni\/\"},{\"@type\":\"ListItem\",\"position\":3,\"name\":\"Humac\"}]},{\"@type\":\"WebSite\",\"@id\":\"https:\/\/www.pax-travel.com\/#website\",\"url\":\"https:\/\/www.pax-travel.com\/\",\"name\":\"Pax Travel - Medjugorje\",\"description\":\"Reiseb\u00fcro in Medjugorje\",\"potentialAction\":[{\"@type\":\"SearchAction\",\"target\":{\"@type\":\"EntryPoint\",\"urlTemplate\":\"https:\/\/www.pax-travel.com\/?s={search_term_string}\"},\"query-input\":\"required name=search_term_string\"}],\"inLanguage\":\"de\"}]}<\/script>\n<!-- \/ Yoast SEO plugin. -->","yoast_head_json":{"title":"Humac - Pax Travel - Medjugorje","robots":{"index":"index","follow":"follow","max-snippet":"max-snippet:-1","max-image-preview":"max-image-preview:large","max-video-preview":"max-video-preview:-1"},"canonical":"https:\/\/www.pax-travel.com\/destinazioni\/humac\/","og_locale":"de_DE","og_type":"article","og_title":"Humac - Pax Travel - Medjugorje","og_url":"https:\/\/www.pax-travel.com\/destinazioni\/humac\/","og_site_name":"Pax Travel - Medjugorje","article_modified_time":"2017-06-30T09:35:52+00:00","og_image":[{"url":"https:\/\/www.pax-travel.com\/wp-content\/uploads\/2015\/01\/museum-Humac-2.jpg"}],"twitter_card":"summary_large_image","twitter_misc":{"Gesch\u00e4tzte Lesezeit":"3\u00a0Minuten"},"schema":{"@context":"https:\/\/schema.org","@graph":[{"@type":"WebPage","@id":"https:\/\/www.pax-travel.com\/destinazioni\/humac\/","url":"https:\/\/www.pax-travel.com\/destinazioni\/humac\/","name":"Humac - Pax Travel - Medjugorje","isPartOf":{"@id":"https:\/\/www.pax-travel.com\/#website"},"datePublished":"2017-06-28T15:12:06+00:00","dateModified":"2017-06-30T09:35:52+00:00","breadcrumb":{"@id":"https:\/\/www.pax-travel.com\/destinazioni\/humac\/#breadcrumb"},"inLanguage":"de","potentialAction":[{"@type":"ReadAction","target":["https:\/\/www.pax-travel.com\/destinazioni\/humac\/"]}]},{"@type":"BreadcrumbList","@id":"https:\/\/www.pax-travel.com\/destinazioni\/humac\/#breadcrumb","itemListElement":[{"@type":"ListItem","position":1,"name":"Home","item":"https:\/\/www.pax-travel.com\/de\/"},{"@type":"ListItem","position":2,"name":"REISE- und AUSFLUGSZIELE","item":"https:\/\/www.pax-travel.com\/destinazioni\/"},{"@type":"ListItem","position":3,"name":"Humac"}]},{"@type":"WebSite","@id":"https:\/\/www.pax-travel.com\/#website","url":"https:\/\/www.pax-travel.com\/","name":"Pax Travel - Medjugorje","description":"Reiseb\u00fcro in Medjugorje","potentialAction":[{"@type":"SearchAction","target":{"@type":"EntryPoint","urlTemplate":"https:\/\/www.pax-travel.com\/?s={search_term_string}"},"query-input":"required name=search_term_string"}],"inLanguage":"de"}]}},"_links":{"self":[{"href":"https:\/\/www.pax-travel.com\/de\/wp-json\/wp\/v2\/pages\/7056"}],"collection":[{"href":"https:\/\/www.pax-travel.com\/de\/wp-json\/wp\/v2\/pages"}],"about":[{"href":"https:\/\/www.pax-travel.com\/de\/wp-json\/wp\/v2\/types\/page"}],"author":[{"embeddable":true,"href":"https:\/\/www.pax-travel.com\/de\/wp-json\/wp\/v2\/users\/1"}],"replies":[{"embeddable":true,"href":"https:\/\/www.pax-travel.com\/de\/wp-json\/wp\/v2\/comments?post=7056"}],"version-history":[{"count":1,"href":"https:\/\/www.pax-travel.com\/de\/wp-json\/wp\/v2\/pages\/7056\/revisions"}],"predecessor-version":[{"id":7057,"href":"https:\/\/www.pax-travel.com\/de\/wp-json\/wp\/v2\/pages\/7056\/revisions\/7057"}],"up":[{"embeddable":true,"href":"https:\/\/www.pax-travel.com\/de\/wp-json\/wp\/v2\/pages\/3319"}],"wp:attachment":[{"href":"https:\/\/www.pax-travel.com\/de\/wp-json\/wp\/v2\/media?parent=7056"}],"curies":[{"name":"wp","href":"https:\/\/api.w.org\/{rel}","templated":true}]}}