{"id":7100,"date":"2017-06-28T14:33:43","date_gmt":"2017-06-28T14:33:43","guid":{"rendered":"https:\/\/www.pax-travel.com\/es\/destinos\/bjelasnica\/"},"modified":"2017-06-30T15:19:57","modified_gmt":"2017-06-30T15:19:57","slug":"bjelasnica","status":"publish","type":"page","link":"https:\/\/www.pax-travel.com\/es\/destinos\/bjelasnica\/","title":{"rendered":"Bjelasnica"},"content":{"rendered":"<div class=\"fusion-fullwidth fullwidth-box fusion-fullwidth-1  fusion-parallax-none nonhundred-percent-fullwidth\" style=\"border-color:#eae9e9;border-bottom-width: 0px;border-top-width: 0px;border-bottom-style: solid;border-top-style: solid;padding-bottom:20px;padding-top:20px;padding-left:;padding-right:;background-color:rgba(255,255,255,0);\"><style type=\"text\/css\" scoped=\"scoped\">.fusion-fullwidth-1 {\n                            padding-left: px !important;\n                            padding-right: px !important;\n                        }<\/style><div class=\"fusion-row\"><div class=\"fusion-one-full fusion-layout-column fusion-column-last fusion-spacing-yes\" style=\"margin-top:0px;margin-bottom:20px;\"><div class=\"fusion-column-wrapper\"><h1 data-fontsize=\"60\" data-lineheight=\"60\">Monta\u00f1a de Bjelasnica<\/h1>\n<div class=\"fusion-clearfix\"><\/div><\/div><\/div><div class=\"fusion-clearfix\"><\/div><div class=\"fusion-one-third fusion-layout-column fusion-spacing-yes\" style=\"margin-top:0px;margin-bottom:20px;\"><div class=\"fusion-column-wrapper\"><p>Naturaleza intocable que se encuentra en Bosnia es la famosa monta\u00f1a Bjelasnica. Bjelasnica es localizada en la parte central del pa\u00eds, s\u00f3lo 25 km de la capital hist\u00f3rica de Sarajevo. El pico m\u00e1s alto en Bjelasnica es el Observatorio, con una altura de 2.067 m. Usted puede disfrutar de m\u00e1s de 40 kil\u00f3metros de pistas de esqu\u00ed en un bello entorno. Y no hay que olvidar! Monte Bjelasnica alcanz\u00f3 la popularidad en todo el mundo despu\u00e9s de albergar los Juegos Ol\u00edmpicos de Invierno en 1984. Vale la pena mencionar que el Comit\u00e9 Ol\u00edmpico Internacional pronunciado los Juegos Ol\u00edmpicos de Invierno de 1984 para ser el mejor en la historia! Si decide pasar sus vacaciones de invierno en Bjelasnica, la elecci\u00f3n de las casas rurales, apartamentos y moteles es bastante grande.<\/p>\n<div class=\"fusion-clearfix\"><\/div><\/div><\/div><div class=\"fusion-two-third fusion-layout-column fusion-column-last fusion-spacing-yes\" style=\"margin-top:0px;margin-bottom:20px;\"><div class=\"fusion-column-wrapper\" style=\"background:url(https:\/\/www.pax-travel.com\/wp-content\/uploads\/2016\/02\/1280px-Bjelasnica_summit_seen_from_Josipova_Staze.jpg) left top no-repeat ;-webkit-background-size:cover;-moz-background-size:cover;-o-background-size:cover;background-size:cover;\" data-bg-url=\"https:\/\/www.pax-travel.com\/wp-content\/uploads\/2016\/02\/1280px-Bjelasnica_summit_seen_from_Josipova_Staze.jpg\"><div class=\"fusion-clearfix\"><\/div><\/div><\/div><div class=\"fusion-clearfix\"><\/div><div class=\"fusion-sep-clear\"><\/div><div class=\"fusion-separator fusion-full-width-sep sep-single\" style=\"border-color:#000000;border-top-width:1px;margin-left: auto;margin-right: auto;margin-top:;margin-bottom:30px;\"><\/div><h2>Para informaci\u00f3n:<\/h2>\n\n<div class=\"wpcf7 no-js\" id=\"wpcf7-f2983-o1\" lang=\"it-IT\" dir=\"ltr\">\n<div class=\"screen-reader-response\"><p role=\"status\" aria-live=\"polite\" aria-atomic=\"true\"><\/p> <ul><\/ul><\/div>\n<form action=\"\/es\/wp-json\/wp\/v2\/pages\/7100#wpcf7-f2983-o1\" method=\"post\" class=\"wpcf7-form init\" aria-label=\"Modulo di contatto\" novalidate=\"novalidate\" data-status=\"init\">\n<div style=\"display: none;\">\n<input type=\"hidden\" name=\"_wpcf7\" value=\"2983\" \/>\n<input type=\"hidden\" name=\"_wpcf7_version\" value=\"5.8.1\" \/>\n<input type=\"hidden\" name=\"_wpcf7_locale\" value=\"it_IT\" \/>\n<input type=\"hidden\" name=\"_wpcf7_unit_tag\" value=\"wpcf7-f2983-o1\" \/>\n<input type=\"hidden\" name=\"_wpcf7_container_post\" value=\"0\" \/>\n<input type=\"hidden\" name=\"_wpcf7_posted_data_hash\" value=\"\" \/>\n<\/div>\n<p>Su nombre (requerido)\n<\/p>\n<p><span class=\"wpcf7-form-control-wrap\" data-name=\"your-name\"><input size=\"40\" class=\"wpcf7-form-control wpcf7-text wpcf7-validates-as-required\" aria-required=\"true\" aria-invalid=\"false\" value=\"\" type=\"text\" name=\"your-name\" \/><\/span>\n<\/p>\n<p>Su E-Mail (requerido)\n<\/p>\n<p><span class=\"wpcf7-form-control-wrap\" data-name=\"your-email\"><input size=\"40\" class=\"wpcf7-form-control wpcf7-email wpcf7-validates-as-required wpcf7-text wpcf7-validates-as-email\" aria-required=\"true\" aria-invalid=\"false\" value=\"\" type=\"email\" name=\"your-email\" \/><\/span>\n<\/p>\n<p>Asunto\n<\/p>\n<p><span class=\"wpcf7-form-control-wrap\" data-name=\"your-subject\"><input size=\"40\" class=\"wpcf7-form-control wpcf7-text\" aria-invalid=\"false\" value=\"\" type=\"text\" name=\"your-subject\" \/><\/span>\n<\/p>\n<p>Su Mensaje\n<\/p>\n<p><span class=\"wpcf7-form-control-wrap\" data-name=\"your-message\"><textarea cols=\"40\" rows=\"10\" class=\"wpcf7-form-control wpcf7-textarea\" aria-invalid=\"false\" name=\"your-message\"><\/textarea><\/span>\n<\/p>\n<p><span class=\"wpcf7-form-control-wrap\" data-name=\"acceptance-686\"><span class=\"wpcf7-form-control wpcf7-acceptance\"><span class=\"wpcf7-list-item\"><input type=\"checkbox\" name=\"acceptance-686\" value=\"1\" aria-invalid=\"false\" \/><\/span><\/span><\/span> Doy mi consentimiento para el procesamiento de mis datos personales. Ver <a href=\"https:\/\/www.pax-travel.com\/es\/politica-de-privacidad-y-cookies\/\">Aviso de Privacidad<\/a>.\n<\/p>\n<p><input class=\"wpcf7-form-control wpcf7-submit has-spinner\" type=\"submit\" value=\"Enviar\" \/>\n<\/p><div class=\"wpcf7-response-output\" aria-hidden=\"true\"><\/div>\n<\/form>\n<\/div>\n\n<\/div><\/div>\n<p><a href=\"\/\/www.pinterest.com\/pin\/create\/button\/\" data-pin-do=\"buttonBookmark\" data-pin-color=\"red\" data-pin-height=\"128\"><img src=\"\/\/assets.pinterest.com\/images\/pidgets\/pinit_fg_en_rect_red_28.png\" \/><\/a><\/p>","protected":false},"excerpt":{"rendered":"","protected":false},"author":1,"featured_media":0,"parent":3879,"menu_order":0,"comment_status":"closed","ping_status":"closed","template":"","meta":{"footnotes":""},"yoast_head":"<!-- This site is optimized with the Yoast SEO plugin v21.2 - https:\/\/yoast.com\/wordpress\/plugins\/seo\/ -->\n<title>Bjelasnica - Pax Travel - Medjugorje<\/title>\n<meta name=\"robots\" content=\"index, follow, max-snippet:-1, max-image-preview:large, max-video-preview:-1\" \/>\n<link rel=\"canonical\" href=\"https:\/\/www.pax-travel.com\/destinazioni\/bjelasnica\/\" \/>\n<meta property=\"og:locale\" content=\"es_ES\" \/>\n<meta property=\"og:type\" content=\"article\" \/>\n<meta property=\"og:title\" content=\"Bjelasnica - Pax Travel - Medjugorje\" \/>\n<meta property=\"og:url\" content=\"https:\/\/www.pax-travel.com\/destinazioni\/bjelasnica\/\" \/>\n<meta property=\"og:site_name\" content=\"Pax Travel - Medjugorje\" \/>\n<meta property=\"article:modified_time\" content=\"2017-06-30T15:19:57+00:00\" \/>\n<meta name=\"twitter:card\" content=\"summary_large_image\" \/>\n<meta name=\"twitter:label1\" content=\"Tiempo de lectura\" \/>\n\t<meta name=\"twitter:data1\" content=\"2 minutos\" \/>\n<script type=\"application\/ld+json\" class=\"yoast-schema-graph\">{\"@context\":\"https:\/\/schema.org\",\"@graph\":[{\"@type\":\"WebPage\",\"@id\":\"https:\/\/www.pax-travel.com\/destinazioni\/bjelasnica\/\",\"url\":\"https:\/\/www.pax-travel.com\/destinazioni\/bjelasnica\/\",\"name\":\"Bjelasnica - Pax Travel - Medjugorje\",\"isPartOf\":{\"@id\":\"https:\/\/www.pax-travel.com\/#website\"},\"datePublished\":\"2017-06-28T14:33:43+00:00\",\"dateModified\":\"2017-06-30T15:19:57+00:00\",\"breadcrumb\":{\"@id\":\"https:\/\/www.pax-travel.com\/destinazioni\/bjelasnica\/#breadcrumb\"},\"inLanguage\":\"es\",\"potentialAction\":[{\"@type\":\"ReadAction\",\"target\":[\"https:\/\/www.pax-travel.com\/destinazioni\/bjelasnica\/\"]}]},{\"@type\":\"BreadcrumbList\",\"@id\":\"https:\/\/www.pax-travel.com\/destinazioni\/bjelasnica\/#breadcrumb\",\"itemListElement\":[{\"@type\":\"ListItem\",\"position\":1,\"name\":\"Home\",\"item\":\"https:\/\/www.pax-travel.com\/es\/\"},{\"@type\":\"ListItem\",\"position\":2,\"name\":\"DESTINOS\",\"item\":\"https:\/\/www.pax-travel.com\/es\/destinos\/\"},{\"@type\":\"ListItem\",\"position\":3,\"name\":\"Bjelasnica\"}]},{\"@type\":\"WebSite\",\"@id\":\"https:\/\/www.pax-travel.com\/#website\",\"url\":\"https:\/\/www.pax-travel.com\/\",\"name\":\"Pax Travel - Medjugorje\",\"description\":\"Agencia de viajes en Medjugorje\",\"potentialAction\":[{\"@type\":\"SearchAction\",\"target\":{\"@type\":\"EntryPoint\",\"urlTemplate\":\"https:\/\/www.pax-travel.com\/?s={search_term_string}\"},\"query-input\":\"required name=search_term_string\"}],\"inLanguage\":\"es\"}]}<\/script>\n<!-- \/ Yoast SEO plugin. -->","yoast_head_json":{"title":"Bjelasnica - Pax Travel - Medjugorje","robots":{"index":"index","follow":"follow","max-snippet":"max-snippet:-1","max-image-preview":"max-image-preview:large","max-video-preview":"max-video-preview:-1"},"canonical":"https:\/\/www.pax-travel.com\/destinazioni\/bjelasnica\/","og_locale":"es_ES","og_type":"article","og_title":"Bjelasnica - Pax Travel - Medjugorje","og_url":"https:\/\/www.pax-travel.com\/destinazioni\/bjelasnica\/","og_site_name":"Pax Travel - Medjugorje","article_modified_time":"2017-06-30T15:19:57+00:00","twitter_card":"summary_large_image","twitter_misc":{"Tiempo de lectura":"2 minutos"},"schema":{"@context":"https:\/\/schema.org","@graph":[{"@type":"WebPage","@id":"https:\/\/www.pax-travel.com\/destinazioni\/bjelasnica\/","url":"https:\/\/www.pax-travel.com\/destinazioni\/bjelasnica\/","name":"Bjelasnica - Pax Travel - Medjugorje","isPartOf":{"@id":"https:\/\/www.pax-travel.com\/#website"},"datePublished":"2017-06-28T14:33:43+00:00","dateModified":"2017-06-30T15:19:57+00:00","breadcrumb":{"@id":"https:\/\/www.pax-travel.com\/destinazioni\/bjelasnica\/#breadcrumb"},"inLanguage":"es","potentialAction":[{"@type":"ReadAction","target":["https:\/\/www.pax-travel.com\/destinazioni\/bjelasnica\/"]}]},{"@type":"BreadcrumbList","@id":"https:\/\/www.pax-travel.com\/destinazioni\/bjelasnica\/#breadcrumb","itemListElement":[{"@type":"ListItem","position":1,"name":"Home","item":"https:\/\/www.pax-travel.com\/es\/"},{"@type":"ListItem","position":2,"name":"DESTINOS","item":"https:\/\/www.pax-travel.com\/es\/destinos\/"},{"@type":"ListItem","position":3,"name":"Bjelasnica"}]},{"@type":"WebSite","@id":"https:\/\/www.pax-travel.com\/#website","url":"https:\/\/www.pax-travel.com\/","name":"Pax Travel - Medjugorje","description":"Agencia de viajes en Medjugorje","potentialAction":[{"@type":"SearchAction","target":{"@type":"EntryPoint","urlTemplate":"https:\/\/www.pax-travel.com\/?s={search_term_string}"},"query-input":"required name=search_term_string"}],"inLanguage":"es"}]}},"_links":{"self":[{"href":"https:\/\/www.pax-travel.com\/es\/wp-json\/wp\/v2\/pages\/7100"}],"collection":[{"href":"https:\/\/www.pax-travel.com\/es\/wp-json\/wp\/v2\/pages"}],"about":[{"href":"https:\/\/www.pax-travel.com\/es\/wp-json\/wp\/v2\/types\/page"}],"author":[{"embeddable":true,"href":"https:\/\/www.pax-travel.com\/es\/wp-json\/wp\/v2\/users\/1"}],"replies":[{"embeddable":true,"href":"https:\/\/www.pax-travel.com\/es\/wp-json\/wp\/v2\/comments?post=7100"}],"version-history":[{"count":1,"href":"https:\/\/www.pax-travel.com\/es\/wp-json\/wp\/v2\/pages\/7100\/revisions"}],"predecessor-version":[{"id":7101,"href":"https:\/\/www.pax-travel.com\/es\/wp-json\/wp\/v2\/pages\/7100\/revisions\/7101"}],"up":[{"embeddable":true,"href":"https:\/\/www.pax-travel.com\/es\/wp-json\/wp\/v2\/pages\/3879"}],"wp:attachment":[{"href":"https:\/\/www.pax-travel.com\/es\/wp-json\/wp\/v2\/media?parent=7100"}],"curies":[{"name":"wp","href":"https:\/\/api.w.org\/{rel}","templated":true}]}}