{"id":7102,"date":"2017-06-28T14:29:25","date_gmt":"2017-06-28T14:29:25","guid":{"rendered":"https:\/\/www.pax-travel.com\/es\/destinos\/blidinje\/"},"modified":"2018-05-30T16:53:42","modified_gmt":"2018-05-30T16:53:42","slug":"blidinje","status":"publish","type":"page","link":"https:\/\/www.pax-travel.com\/es\/destinos\/blidinje\/","title":{"rendered":"Blidinje"},"content":{"rendered":"<div class=\"fusion-fullwidth fullwidth-box fusion-fullwidth-1  fusion-parallax-none nonhundred-percent-fullwidth\" style=\"border-color:#eae9e9;border-bottom-width: 0px;border-top-width: 0px;border-bottom-style: solid;border-top-style: solid;padding-bottom:20px;padding-top:20px;padding-left:;padding-right:;background-color:rgba(255,255,255,0);\"><style type=\"text\/css\" scoped=\"scoped\">.fusion-fullwidth-1 {\n                            padding-left: px !important;\n                            padding-right: px !important;\n                        }<\/style><div class=\"fusion-row\"><div class=\"fusion-one-full fusion-layout-column fusion-column-last fusion-spacing-yes\" style=\"margin-top:0px;margin-bottom:20px;\"><div class=\"fusion-column-wrapper\"><h1>Parque natural Blidinje<\/h1>\n<div class=\"fusion-clearfix\"><\/div><\/div><\/div><div class=\"fusion-clearfix\"><\/div><div class=\"fusion-one-third fusion-layout-column fusion-spacing-yes\" style=\"margin-top:0px;margin-bottom:20px;\"><div class=\"fusion-column-wrapper\"><p>Parque natural Blidinje es un lugar ideal para visitar en cualquier \u00e9poca del a\u00f1o, si quiere esquiar en invierno o captar la sombra en verano, tambi\u00e9n si va a montar en bicicleta o caminar en las monta\u00f1as \u010cvrsnica y Vran, o simplemente para disfrutar la caminata en el entorno natural m\u00e1gico. Blidinje es conocido por su centro de esqu\u00ed, que se compone de los telef\u00e9ricos, remontes y varias pistas, desde principiantes hasta avanzados, y hay un tobog\u00e1n para los m\u00e1s j\u00f3venes. Los visitantes del Parque y los amantes de los animales tienen la opci\u00f3n de un turista, montar a caballo panor\u00e1mico, donde son los lugares ex\u00f3ticos, hermosas colinas, grietas, arroyos y lagos, que realmente toma aliento y debe ser experimentado.\u00a0La zona es rica en hallazgos arqueol\u00f3gicos, el m\u00e1s popular es una necr\u00f3polis con 150 tumbas en Dugo polje, que tiene estatus de Monumento Nacional. Blidinje esconde muchos destinos, h\u00e9roes, historias y leyendas. Ven a descubrirlos\u2026<\/p>\n<div class=\"fusion-clearfix\"><\/div><\/div><\/div><div class=\"fusion-two-third fusion-layout-column fusion-column-last fusion-spacing-yes\" style=\"margin-top:0px;margin-bottom:20px;\"><div class=\"fusion-column-wrapper\" style=\"background:url(https:\/\/www.pax-travel.com\/wp-content\/uploads\/2016\/05\/Blidinjsko_jezero.jpg) left top no-repeat ;-webkit-background-size:cover;-moz-background-size:cover;-o-background-size:cover;background-size:cover;\" data-bg-url=\"https:\/\/www.pax-travel.com\/wp-content\/uploads\/2016\/05\/Blidinjsko_jezero.jpg\"><div class=\"fusion-clearfix\"><\/div><\/div><\/div><div class=\"fusion-clearfix\"><\/div><div class=\"fusion-sep-clear\"><\/div><div class=\"fusion-separator fusion-full-width-sep sep-none\" style=\"border-color:#000000;margin-left: auto;margin-right: auto;margin-top:15px;\"><\/div><div class=\"fusion-slider-sc flexslider flexslider-hover-type-none\" style=\"max-width:100%;height:100%;\"><ul class=\"slides\"><li class=\"image\"><span class=\"hover-type-none\"><img src=\"https:\/\/www.pax-travel.com\/wp-content\/uploads\/2017\/06\/Blidinje5_mini.jpg\" \/><\/span><\/li><li class=\"image\"><span class=\"hover-type-none\"><img src=\"https:\/\/www.pax-travel.com\/wp-content\/uploads\/2017\/06\/Blidinje4_mini.jpg\" \/><\/span><\/li><li class=\"image\"><span class=\"hover-type-none\"><img src=\"https:\/\/www.pax-travel.com\/wp-content\/uploads\/2017\/06\/Blidinje3_mini.jpg\" \/><\/span><\/li><li class=\"image\"><span class=\"hover-type-none\"><img src=\"https:\/\/www.pax-travel.com\/wp-content\/uploads\/2017\/06\/Blidinje-2_mini.jpg\" \/><\/span><\/li><li class=\"image\"><span class=\"hover-type-none\"><img src=\"https:\/\/www.pax-travel.com\/wp-content\/uploads\/2017\/06\/Blidinje1_mini.jpg\" \/><\/span><\/li><li class=\"image\"><span class=\"hover-type-none\"><img src=\"https:\/\/www.pax-travel.com\/wp-content\/uploads\/2017\/06\/Blidinje_mini.jpg\" \/><\/span><\/li><\/ul><\/div><div class=\"fusion-sep-clear\"><\/div><div class=\"fusion-separator fusion-full-width-sep sep-single\" style=\"border-color:#000000;border-top-width:1px;margin-left: auto;margin-right: auto;margin-top:;margin-bottom:30px;\"><\/div><h2>Para informaci\u00f3n:<\/h2>\n\n<div class=\"wpcf7 no-js\" id=\"wpcf7-f2983-o1\" lang=\"it-IT\" dir=\"ltr\">\n<div class=\"screen-reader-response\"><p role=\"status\" aria-live=\"polite\" aria-atomic=\"true\"><\/p> <ul><\/ul><\/div>\n<form action=\"\/es\/wp-json\/wp\/v2\/pages\/7102#wpcf7-f2983-o1\" method=\"post\" class=\"wpcf7-form init\" aria-label=\"Modulo di contatto\" novalidate=\"novalidate\" data-status=\"init\">\n<div style=\"display: none;\">\n<input type=\"hidden\" name=\"_wpcf7\" value=\"2983\" \/>\n<input type=\"hidden\" name=\"_wpcf7_version\" value=\"5.8.1\" \/>\n<input type=\"hidden\" name=\"_wpcf7_locale\" value=\"it_IT\" \/>\n<input type=\"hidden\" name=\"_wpcf7_unit_tag\" value=\"wpcf7-f2983-o1\" \/>\n<input type=\"hidden\" name=\"_wpcf7_container_post\" value=\"0\" \/>\n<input type=\"hidden\" name=\"_wpcf7_posted_data_hash\" value=\"\" \/>\n<\/div>\n<p>Su nombre (requerido)\n<\/p>\n<p><span class=\"wpcf7-form-control-wrap\" data-name=\"your-name\"><input size=\"40\" class=\"wpcf7-form-control wpcf7-text wpcf7-validates-as-required\" aria-required=\"true\" aria-invalid=\"false\" value=\"\" type=\"text\" name=\"your-name\" \/><\/span>\n<\/p>\n<p>Su E-Mail (requerido)\n<\/p>\n<p><span class=\"wpcf7-form-control-wrap\" data-name=\"your-email\"><input size=\"40\" class=\"wpcf7-form-control wpcf7-email wpcf7-validates-as-required wpcf7-text wpcf7-validates-as-email\" aria-required=\"true\" aria-invalid=\"false\" value=\"\" type=\"email\" name=\"your-email\" \/><\/span>\n<\/p>\n<p>Asunto\n<\/p>\n<p><span class=\"wpcf7-form-control-wrap\" data-name=\"your-subject\"><input size=\"40\" class=\"wpcf7-form-control wpcf7-text\" aria-invalid=\"false\" value=\"\" type=\"text\" name=\"your-subject\" \/><\/span>\n<\/p>\n<p>Su Mensaje\n<\/p>\n<p><span class=\"wpcf7-form-control-wrap\" data-name=\"your-message\"><textarea cols=\"40\" rows=\"10\" class=\"wpcf7-form-control wpcf7-textarea\" aria-invalid=\"false\" name=\"your-message\"><\/textarea><\/span>\n<\/p>\n<p><span class=\"wpcf7-form-control-wrap\" data-name=\"acceptance-686\"><span class=\"wpcf7-form-control wpcf7-acceptance\"><span class=\"wpcf7-list-item\"><input type=\"checkbox\" name=\"acceptance-686\" value=\"1\" aria-invalid=\"false\" \/><\/span><\/span><\/span> Doy mi consentimiento para el procesamiento de mis datos personales. Ver <a href=\"https:\/\/www.pax-travel.com\/es\/politica-de-privacidad-y-cookies\/\">Aviso de Privacidad<\/a>.\n<\/p>\n<p><input class=\"wpcf7-form-control wpcf7-submit has-spinner\" type=\"submit\" value=\"Enviar\" \/>\n<\/p><div class=\"wpcf7-response-output\" aria-hidden=\"true\"><\/div>\n<\/form>\n<\/div>\n\n<\/div><\/div>\n<p><a href=\"\/\/www.pinterest.com\/pin\/create\/button\/\" data-pin-do=\"buttonBookmark\" data-pin-color=\"red\" data-pin-height=\"128\"><img src=\"\/\/assets.pinterest.com\/images\/pidgets\/pinit_fg_en_rect_red_28.png\" \/><\/a><\/p>","protected":false},"excerpt":{"rendered":"","protected":false},"author":1,"featured_media":0,"parent":3879,"menu_order":0,"comment_status":"closed","ping_status":"closed","template":"","meta":{"footnotes":""},"yoast_head":"<!-- This site is optimized with the Yoast SEO plugin v21.2 - https:\/\/yoast.com\/wordpress\/plugins\/seo\/ -->\n<title>Blidinje - Pax Travel - Medjugorje<\/title>\n<meta name=\"robots\" content=\"index, follow, max-snippet:-1, max-image-preview:large, max-video-preview:-1\" \/>\n<link rel=\"canonical\" href=\"https:\/\/www.pax-travel.com\/destinazioni\/blidinje\/\" \/>\n<meta property=\"og:locale\" content=\"es_ES\" \/>\n<meta property=\"og:type\" content=\"article\" \/>\n<meta property=\"og:title\" content=\"Blidinje - Pax Travel - Medjugorje\" \/>\n<meta property=\"og:url\" content=\"https:\/\/www.pax-travel.com\/destinazioni\/blidinje\/\" \/>\n<meta property=\"og:site_name\" content=\"Pax Travel - Medjugorje\" \/>\n<meta property=\"article:modified_time\" content=\"2018-05-30T16:53:42+00:00\" \/>\n<meta name=\"twitter:card\" content=\"summary_large_image\" \/>\n<meta name=\"twitter:label1\" content=\"Tiempo de lectura\" \/>\n\t<meta name=\"twitter:data1\" content=\"3 minutos\" \/>\n<script type=\"application\/ld+json\" class=\"yoast-schema-graph\">{\"@context\":\"https:\/\/schema.org\",\"@graph\":[{\"@type\":\"WebPage\",\"@id\":\"https:\/\/www.pax-travel.com\/destinazioni\/blidinje\/\",\"url\":\"https:\/\/www.pax-travel.com\/destinazioni\/blidinje\/\",\"name\":\"Blidinje - Pax Travel - Medjugorje\",\"isPartOf\":{\"@id\":\"https:\/\/www.pax-travel.com\/#website\"},\"datePublished\":\"2017-06-28T14:29:25+00:00\",\"dateModified\":\"2018-05-30T16:53:42+00:00\",\"breadcrumb\":{\"@id\":\"https:\/\/www.pax-travel.com\/destinazioni\/blidinje\/#breadcrumb\"},\"inLanguage\":\"es\",\"potentialAction\":[{\"@type\":\"ReadAction\",\"target\":[\"https:\/\/www.pax-travel.com\/destinazioni\/blidinje\/\"]}]},{\"@type\":\"BreadcrumbList\",\"@id\":\"https:\/\/www.pax-travel.com\/destinazioni\/blidinje\/#breadcrumb\",\"itemListElement\":[{\"@type\":\"ListItem\",\"position\":1,\"name\":\"Home\",\"item\":\"https:\/\/www.pax-travel.com\/es\/\"},{\"@type\":\"ListItem\",\"position\":2,\"name\":\"DESTINOS\",\"item\":\"https:\/\/www.pax-travel.com\/es\/destinos\/\"},{\"@type\":\"ListItem\",\"position\":3,\"name\":\"Blidinje\"}]},{\"@type\":\"WebSite\",\"@id\":\"https:\/\/www.pax-travel.com\/#website\",\"url\":\"https:\/\/www.pax-travel.com\/\",\"name\":\"Pax Travel - Medjugorje\",\"description\":\"Agencia de viajes en Medjugorje\",\"potentialAction\":[{\"@type\":\"SearchAction\",\"target\":{\"@type\":\"EntryPoint\",\"urlTemplate\":\"https:\/\/www.pax-travel.com\/?s={search_term_string}\"},\"query-input\":\"required name=search_term_string\"}],\"inLanguage\":\"es\"}]}<\/script>\n<!-- \/ Yoast SEO plugin. -->","yoast_head_json":{"title":"Blidinje - Pax Travel - Medjugorje","robots":{"index":"index","follow":"follow","max-snippet":"max-snippet:-1","max-image-preview":"max-image-preview:large","max-video-preview":"max-video-preview:-1"},"canonical":"https:\/\/www.pax-travel.com\/destinazioni\/blidinje\/","og_locale":"es_ES","og_type":"article","og_title":"Blidinje - Pax Travel - Medjugorje","og_url":"https:\/\/www.pax-travel.com\/destinazioni\/blidinje\/","og_site_name":"Pax Travel - Medjugorje","article_modified_time":"2018-05-30T16:53:42+00:00","twitter_card":"summary_large_image","twitter_misc":{"Tiempo de lectura":"3 minutos"},"schema":{"@context":"https:\/\/schema.org","@graph":[{"@type":"WebPage","@id":"https:\/\/www.pax-travel.com\/destinazioni\/blidinje\/","url":"https:\/\/www.pax-travel.com\/destinazioni\/blidinje\/","name":"Blidinje - Pax Travel - Medjugorje","isPartOf":{"@id":"https:\/\/www.pax-travel.com\/#website"},"datePublished":"2017-06-28T14:29:25+00:00","dateModified":"2018-05-30T16:53:42+00:00","breadcrumb":{"@id":"https:\/\/www.pax-travel.com\/destinazioni\/blidinje\/#breadcrumb"},"inLanguage":"es","potentialAction":[{"@type":"ReadAction","target":["https:\/\/www.pax-travel.com\/destinazioni\/blidinje\/"]}]},{"@type":"BreadcrumbList","@id":"https:\/\/www.pax-travel.com\/destinazioni\/blidinje\/#breadcrumb","itemListElement":[{"@type":"ListItem","position":1,"name":"Home","item":"https:\/\/www.pax-travel.com\/es\/"},{"@type":"ListItem","position":2,"name":"DESTINOS","item":"https:\/\/www.pax-travel.com\/es\/destinos\/"},{"@type":"ListItem","position":3,"name":"Blidinje"}]},{"@type":"WebSite","@id":"https:\/\/www.pax-travel.com\/#website","url":"https:\/\/www.pax-travel.com\/","name":"Pax Travel - Medjugorje","description":"Agencia de viajes en Medjugorje","potentialAction":[{"@type":"SearchAction","target":{"@type":"EntryPoint","urlTemplate":"https:\/\/www.pax-travel.com\/?s={search_term_string}"},"query-input":"required name=search_term_string"}],"inLanguage":"es"}]}},"_links":{"self":[{"href":"https:\/\/www.pax-travel.com\/es\/wp-json\/wp\/v2\/pages\/7102"}],"collection":[{"href":"https:\/\/www.pax-travel.com\/es\/wp-json\/wp\/v2\/pages"}],"about":[{"href":"https:\/\/www.pax-travel.com\/es\/wp-json\/wp\/v2\/types\/page"}],"author":[{"embeddable":true,"href":"https:\/\/www.pax-travel.com\/es\/wp-json\/wp\/v2\/users\/1"}],"replies":[{"embeddable":true,"href":"https:\/\/www.pax-travel.com\/es\/wp-json\/wp\/v2\/comments?post=7102"}],"version-history":[{"count":3,"href":"https:\/\/www.pax-travel.com\/es\/wp-json\/wp\/v2\/pages\/7102\/revisions"}],"predecessor-version":[{"id":7412,"href":"https:\/\/www.pax-travel.com\/es\/wp-json\/wp\/v2\/pages\/7102\/revisions\/7412"}],"up":[{"embeddable":true,"href":"https:\/\/www.pax-travel.com\/es\/wp-json\/wp\/v2\/pages\/3879"}],"wp:attachment":[{"href":"https:\/\/www.pax-travel.com\/es\/wp-json\/wp\/v2\/media?parent=7102"}],"curies":[{"name":"wp","href":"https:\/\/api.w.org\/{rel}","templated":true}]}}