{"id":3306,"date":"2015-01-27T11:54:42","date_gmt":"2015-01-27T11:54:42","guid":{"rendered":"https:\/\/www.pax-travel.com\/hr\/contatti\/"},"modified":"2022-10-26T14:42:34","modified_gmt":"2022-10-26T14:42:34","slug":"kontakt","status":"publish","type":"page","link":"https:\/\/www.pax-travel.com\/hr\/kontakt\/","title":{"rendered":"KONTAKT"},"content":{"rendered":"<div class=\"fusion-fullwidth fullwidth-box fusion-fullwidth-1  fusion-parallax-none nonhundred-percent-fullwidth\" style=\"border-color:#eae9e9;border-bottom-width: 0px;border-top-width: 0px;border-bottom-style: solid;border-top-style: solid;padding-bottom:20px;padding-top:20px;padding-left:0px;padding-right:0px;background-color:rgba(255,255,255,0);\"><style type=\"text\/css\" scoped=\"scoped\">.fusion-fullwidth-1 {\n                            padding-left: 0px !important;\n                            padding-right: 0px !important;\n                        }<\/style><div class=\"fusion-row\"><div class=\"fusion-one-fourth fusion-layout-column fusion-spacing-yes\" style=\"margin-top:0px;margin-bottom:20px;\"><div class=\"fusion-column-wrapper\"><h3>Kontaktirajte nas<\/h3>\n<p>tu smo radi Vas!<\/p>\n<p><strong>Tel:<\/strong> <a href=\"tel:+387036640456\">+387 036 640 456<\/a><\/p>\n<p><strong>Fax:<\/strong> + 387 36 640 451<\/p>\n<p><strong>Mail:<\/strong><br \/>\n<a href=\"mailto:info@pax-travel.com\">info@pax-travel.com<\/a><br \/>\n<a href=\"mailto:booking@pax-travel.com\"> booking@pax-travel.com<\/a><\/p>\n<p><strong>Web:<\/strong> www.pax-travel.com<\/p>\n<div class=\"fusion-sep-clear\"><\/div><div class=\"fusion-separator fusion-full-width-sep sep-none\" style=\"border-color:#e0dede;margin-left: auto;margin-right: auto;margin-top:;margin-bottom:20px;\"><\/div><div class=\"fusion-clearfix\"><\/div><\/div><\/div><div class=\"fusion-one-fourth fusion-layout-column fusion-spacing-yes\" style=\"margin-top:0px;margin-bottom:20px;\"><div class=\"fusion-column-wrapper\"><h3><\/h3>\n<p><img decoding=\"async\" loading=\"lazy\" class=\"wp-image-7231 aligncenter\" src=\"https:\/\/www.pax-travel.com\/wp-content\/uploads\/2015\/01\/icona-skype.png\" alt=\"icona-skype\" width=\"85\" height=\"40\" srcset=\"https:\/\/www.pax-travel.com\/wp-content\/uploads\/2015\/01\/icona-skype-300x141.png 300w, https:\/\/www.pax-travel.com\/wp-content\/uploads\/2015\/01\/icona-skype-320x154.png 320w, https:\/\/www.pax-travel.com\/wp-content\/uploads\/2015\/01\/icona-skype.png 327w\" sizes=\"(max-width: 85px) 100vw, 85px\" \/><\/p>\n<p style=\"text-align: center;\"><strong>Skype:<\/strong><br \/>\npax.travel1<\/p>\n<p><img decoding=\"async\" loading=\"lazy\" class=\"wp-image-7227 aligncenter\" src=\"https:\/\/www.pax-travel.com\/wp-content\/uploads\/2015\/01\/icona-whatsapp-150x150.png\" alt=\"icona-whatsapp\" width=\"50\" height=\"51\" srcset=\"https:\/\/www.pax-travel.com\/wp-content\/uploads\/2015\/01\/icona-whatsapp-66x66.png 66w, https:\/\/www.pax-travel.com\/wp-content\/uploads\/2015\/01\/icona-whatsapp-150x150.png 150w, https:\/\/www.pax-travel.com\/wp-content\/uploads\/2015\/01\/icona-whatsapp-297x300.png 297w, https:\/\/www.pax-travel.com\/wp-content\/uploads\/2015\/01\/icona-whatsapp-768x777.png 768w, https:\/\/www.pax-travel.com\/wp-content\/uploads\/2015\/01\/icona-whatsapp-1013x1024.png 1013w, https:\/\/www.pax-travel.com\/wp-content\/uploads\/2015\/01\/icona-whatsapp.png 1150w\" sizes=\"(max-width: 50px) 100vw, 50px\" \/><\/p>\n<p style=\"text-align: center;\"><strong>Whatsapp:<\/strong><br \/>\n+387 63 161 553<\/p>\n<div class=\"fusion-sep-clear\"><\/div><div class=\"fusion-separator fusion-full-width-sep sep-none\" style=\"border-color:#e0dede;margin-left: auto;margin-right: auto;margin-top:;margin-bottom:20px;\"><\/div><div class=\"fusion-clearfix\"><\/div><\/div><\/div><div class=\"fusion-one-half fusion-layout-column fusion-column-last fusion-spacing-yes\" style=\"margin-top:0px;margin-bottom:20px;\"><div class=\"fusion-column-wrapper\"><h3>Ispunite obrazac!<\/h3>\n\n<div class=\"wpcf7 no-js\" id=\"wpcf7-f2982-o1\" lang=\"it-IT\" dir=\"ltr\">\n<div class=\"screen-reader-response\"><p role=\"status\" aria-live=\"polite\" aria-atomic=\"true\"><\/p> <ul><\/ul><\/div>\n<form action=\"\/hr\/wp-json\/wp\/v2\/pages\/3306#wpcf7-f2982-o1\" method=\"post\" class=\"wpcf7-form init\" aria-label=\"Modulo di contatto\" novalidate=\"novalidate\" data-status=\"init\">\n<div style=\"display: none;\">\n<input type=\"hidden\" name=\"_wpcf7\" value=\"2982\" \/>\n<input type=\"hidden\" name=\"_wpcf7_version\" value=\"5.8.1\" \/>\n<input type=\"hidden\" name=\"_wpcf7_locale\" value=\"it_IT\" \/>\n<input type=\"hidden\" name=\"_wpcf7_unit_tag\" value=\"wpcf7-f2982-o1\" \/>\n<input type=\"hidden\" name=\"_wpcf7_container_post\" value=\"0\" \/>\n<input type=\"hidden\" name=\"_wpcf7_posted_data_hash\" value=\"\" \/>\n<\/div>\n<p>Va\u0161e Ime (obavezno)\n<\/p>\n<p><span class=\"wpcf7-form-control-wrap\" data-name=\"your-name\"><input size=\"40\" class=\"wpcf7-form-control wpcf7-text wpcf7-validates-as-required\" aria-required=\"true\" aria-invalid=\"false\" value=\"\" type=\"text\" name=\"your-name\" \/><\/span>\n<\/p>\n<p>Va\u0161 E-Mail (obavezno)\n<\/p>\n<p><span class=\"wpcf7-form-control-wrap\" data-name=\"your-email\"><input size=\"40\" class=\"wpcf7-form-control wpcf7-email wpcf7-validates-as-required wpcf7-text wpcf7-validates-as-email\" aria-required=\"true\" aria-invalid=\"false\" value=\"\" type=\"email\" name=\"your-email\" \/><\/span>\n<\/p>\n<p>Predmet\n<\/p>\n<p><span class=\"wpcf7-form-control-wrap\" data-name=\"your-subject\"><input size=\"40\" class=\"wpcf7-form-control wpcf7-text\" aria-invalid=\"false\" value=\"\" type=\"text\" name=\"your-subject\" \/><\/span>\n<\/p>\n<p>Va\u0161a Poruka\n<\/p>\n<p><span class=\"wpcf7-form-control-wrap\" data-name=\"your-message\"><textarea cols=\"40\" rows=\"10\" class=\"wpcf7-form-control wpcf7-textarea\" aria-invalid=\"false\" name=\"your-message\"><\/textarea><\/span>\n<\/p>\n<p><span class=\"wpcf7-form-control-wrap\" data-name=\"acceptance-614\"><span class=\"wpcf7-form-control wpcf7-acceptance\"><span class=\"wpcf7-list-item\"><input type=\"checkbox\" name=\"acceptance-614\" value=\"1\" aria-invalid=\"false\" \/><\/span><\/span><\/span> Odobravam kori\u0161tenje mojih osobnih podataka u skladu sa va\u017ee\u0107im <a href=\"https:\/\/www.pax-travel.com\/hr\/pravilima-o-privatnosti\/\">pravilima o privatnosti<\/a>\n<\/p>\n<p><input class=\"wpcf7-form-control wpcf7-submit has-spinner\" type=\"submit\" value=\"Poslati\" \/>\n<\/p><div class=\"wpcf7-response-output\" aria-hidden=\"true\"><\/div>\n<\/form>\n<\/div>\n\n<div class=\"fusion-sep-clear\"><\/div><div class=\"fusion-separator fusion-full-width-sep sep-none\" style=\"border-color:#e0dede;margin-left: auto;margin-right: auto;margin-top:;margin-bottom:20px;\"><\/div><div class=\"fusion-clearfix\"><\/div><\/div><\/div><div class=\"fusion-clearfix\"><\/div><\/div><\/div><div class=\"fusion-fullwidth fullwidth-box fusion-fullwidth-2  fusion-parallax-none hundred-percent-fullwidth\" style=\"border-color:#eae9e9;border-bottom-width: 0px;border-top-width: 0px;border-bottom-style: solid;border-top-style: solid;padding-bottom:0px;padding-top:0px;padding-left:0px;padding-right:0px;background-color:rgba(255,255,255,0);\"><style type=\"text\/css\" scoped=\"scoped\">.fusion-fullwidth-2 {\n                            padding-left: 0px !important;\n                            padding-right: 0px !important;\n                        }<\/style><div class=\"fusion-row\">\t\t\t<script type=\"text\/javascript\">\n\t\t\t\tvar map_fusion_map_69e4c6f922cb3;\n\t\t\t\tvar markers = [];\n\t\t\t\tvar counter = 0;\n\t\t\t\tfunction fusion_run_map_fusion_map_69e4c6f922cb3() {\n\t\t\t\t\tjQuery('#fusion_map_69e4c6f922cb3').fusion_maps({\n\t\t\t\t\t\taddresses: [{\"address\":\" 43.190795,17.685923\",\"infobox_content\":\"Pax Travel - Medjugorje, Ulica fra Slavka Barbari\\u0107a 29, 88 266 Medjugorje (BiH)\",\"coordinates\":true,\"latitude\":\" 43.190795\",\"longitude\":\"17.685923\",\"cache\":true,\"geocoded_address\":\"43.190795,17.685923\"}],\n\t\t\t\t\t\tanimations: true,\n\t\t\t\t\t\tinfobox_background_color: 'rgba(102,102,164,.8)',\n\t\t\t\t\t\tinfobox_styling: 'custom',\n\t\t\t\t\t\tinfobox_text_color: '#ffffff',\n\t\t\t\t\t\tmap_style: 'custom',\n\t\t\t\t\t\tmap_type: 'satellite',\n\t\t\t\t\t\tmarker_icon: '',\n\t\t\t\t\t\toverlay_color: '#6666a4',\n\t\t\t\t\t\toverlay_color_hsl: {\"hue\":170,\"sat\":25,\"lum\":52},\n\t\t\t\t\t\tpan_control: true,\n\t\t\t\t\t\tshow_address: false,\n\t\t\t\t\t\tscale_control: true,\n\t\t\t\t\t\tscrollwheel: false,\n\t\t\t\t\t\tzoom: 5,\n\t\t\t\t\t\tzoom_control: true,\n\t\t\t\t\t});\n\t\t\t\t}\n\t\t\t\tif ( typeof google !== 'undefined' ) {\n\t\t\t\t\tgoogle.maps.event.addDomListener(window, 'load', fusion_run_map_fusion_map_69e4c6f922cb3);\n\t\t\t\t}\n\t\t\t<\/script>\n\t\t\t<div class=\"shortcode-map fusion-google-map\" id=\"fusion_map_69e4c6f922cb3\" style=\"height:600px;width:100%;\"><\/div><\/div><\/div>\n<p><a href=\"\/\/www.pinterest.com\/pin\/create\/button\/\" data-pin-do=\"buttonBookmark\" data-pin-color=\"red\" data-pin-height=\"128\"><img src=\"\/\/assets.pinterest.com\/images\/pidgets\/pinit_fg_en_rect_red_28.png\" \/><\/a><\/p>","protected":false},"excerpt":{"rendered":"","protected":false},"author":1,"featured_media":0,"parent":0,"menu_order":0,"comment_status":"closed","ping_status":"open","template":"100-width.php","meta":{"footnotes":""},"yoast_head":"<!-- This site is optimized with the Yoast SEO plugin v21.2 - https:\/\/yoast.com\/wordpress\/plugins\/seo\/ -->\n<title>KONTAKT - Pax Travel - Medjugorje<\/title>\n<meta name=\"robots\" content=\"index, follow, max-snippet:-1, max-image-preview:large, max-video-preview:-1\" \/>\n<link rel=\"canonical\" href=\"https:\/\/www.pax-travel.com\/contatti\/\" \/>\n<meta property=\"og:locale\" content=\"hr_HR\" \/>\n<meta property=\"og:type\" content=\"article\" \/>\n<meta property=\"og:title\" content=\"KONTAKT - Pax Travel - Medjugorje\" \/>\n<meta property=\"og:url\" content=\"https:\/\/www.pax-travel.com\/contatti\/\" \/>\n<meta property=\"og:site_name\" content=\"Pax Travel - Medjugorje\" \/>\n<meta property=\"article:modified_time\" content=\"2022-10-26T14:42:34+00:00\" \/>\n<meta property=\"og:image\" content=\"https:\/\/www.pax-travel.com\/wp-content\/uploads\/2015\/01\/icona-skype.png\" \/>\n<meta name=\"twitter:card\" content=\"summary_large_image\" \/>\n<meta name=\"twitter:label1\" content=\"Procijenjeno vrijeme \u010ditanja\" \/>\n\t<meta name=\"twitter:data1\" content=\"2 minute\" \/>\n<script type=\"application\/ld+json\" class=\"yoast-schema-graph\">{\"@context\":\"https:\/\/schema.org\",\"@graph\":[{\"@type\":\"WebPage\",\"@id\":\"https:\/\/www.pax-travel.com\/contatti\/\",\"url\":\"https:\/\/www.pax-travel.com\/contatti\/\",\"name\":\"KONTAKT - Pax Travel - Medjugorje\",\"isPartOf\":{\"@id\":\"https:\/\/www.pax-travel.com\/#website\"},\"datePublished\":\"2015-01-27T11:54:42+00:00\",\"dateModified\":\"2022-10-26T14:42:34+00:00\",\"breadcrumb\":{\"@id\":\"https:\/\/www.pax-travel.com\/contatti\/#breadcrumb\"},\"inLanguage\":\"hr\",\"potentialAction\":[{\"@type\":\"ReadAction\",\"target\":[\"https:\/\/www.pax-travel.com\/contatti\/\"]}]},{\"@type\":\"BreadcrumbList\",\"@id\":\"https:\/\/www.pax-travel.com\/contatti\/#breadcrumb\",\"itemListElement\":[{\"@type\":\"ListItem\",\"position\":1,\"name\":\"Home\",\"item\":\"https:\/\/www.pax-travel.com\/hr\/\"},{\"@type\":\"ListItem\",\"position\":2,\"name\":\"KONTAKT\"}]},{\"@type\":\"WebSite\",\"@id\":\"https:\/\/www.pax-travel.com\/#website\",\"url\":\"https:\/\/www.pax-travel.com\/\",\"name\":\"Pax Travel - Medjugorje\",\"description\":\"Turisti\u010dka agencija u Me\u0111ugorju\",\"potentialAction\":[{\"@type\":\"SearchAction\",\"target\":{\"@type\":\"EntryPoint\",\"urlTemplate\":\"https:\/\/www.pax-travel.com\/?s={search_term_string}\"},\"query-input\":\"required name=search_term_string\"}],\"inLanguage\":\"hr\"}]}<\/script>\n<!-- \/ Yoast SEO plugin. -->","yoast_head_json":{"title":"KONTAKT - Pax Travel - Medjugorje","robots":{"index":"index","follow":"follow","max-snippet":"max-snippet:-1","max-image-preview":"max-image-preview:large","max-video-preview":"max-video-preview:-1"},"canonical":"https:\/\/www.pax-travel.com\/contatti\/","og_locale":"hr_HR","og_type":"article","og_title":"KONTAKT - Pax Travel - Medjugorje","og_url":"https:\/\/www.pax-travel.com\/contatti\/","og_site_name":"Pax Travel - Medjugorje","article_modified_time":"2022-10-26T14:42:34+00:00","og_image":[{"url":"https:\/\/www.pax-travel.com\/wp-content\/uploads\/2015\/01\/icona-skype.png"}],"twitter_card":"summary_large_image","twitter_misc":{"Procijenjeno vrijeme \u010ditanja":"2 minute"},"schema":{"@context":"https:\/\/schema.org","@graph":[{"@type":"WebPage","@id":"https:\/\/www.pax-travel.com\/contatti\/","url":"https:\/\/www.pax-travel.com\/contatti\/","name":"KONTAKT - Pax Travel - Medjugorje","isPartOf":{"@id":"https:\/\/www.pax-travel.com\/#website"},"datePublished":"2015-01-27T11:54:42+00:00","dateModified":"2022-10-26T14:42:34+00:00","breadcrumb":{"@id":"https:\/\/www.pax-travel.com\/contatti\/#breadcrumb"},"inLanguage":"hr","potentialAction":[{"@type":"ReadAction","target":["https:\/\/www.pax-travel.com\/contatti\/"]}]},{"@type":"BreadcrumbList","@id":"https:\/\/www.pax-travel.com\/contatti\/#breadcrumb","itemListElement":[{"@type":"ListItem","position":1,"name":"Home","item":"https:\/\/www.pax-travel.com\/hr\/"},{"@type":"ListItem","position":2,"name":"KONTAKT"}]},{"@type":"WebSite","@id":"https:\/\/www.pax-travel.com\/#website","url":"https:\/\/www.pax-travel.com\/","name":"Pax Travel - Medjugorje","description":"Turisti\u010dka agencija u Me\u0111ugorju","potentialAction":[{"@type":"SearchAction","target":{"@type":"EntryPoint","urlTemplate":"https:\/\/www.pax-travel.com\/?s={search_term_string}"},"query-input":"required name=search_term_string"}],"inLanguage":"hr"}]}},"_links":{"self":[{"href":"https:\/\/www.pax-travel.com\/hr\/wp-json\/wp\/v2\/pages\/3306"}],"collection":[{"href":"https:\/\/www.pax-travel.com\/hr\/wp-json\/wp\/v2\/pages"}],"about":[{"href":"https:\/\/www.pax-travel.com\/hr\/wp-json\/wp\/v2\/types\/page"}],"author":[{"embeddable":true,"href":"https:\/\/www.pax-travel.com\/hr\/wp-json\/wp\/v2\/users\/1"}],"replies":[{"embeddable":true,"href":"https:\/\/www.pax-travel.com\/hr\/wp-json\/wp\/v2\/comments?post=3306"}],"version-history":[{"count":10,"href":"https:\/\/www.pax-travel.com\/hr\/wp-json\/wp\/v2\/pages\/3306\/revisions"}],"predecessor-version":[{"id":8169,"href":"https:\/\/www.pax-travel.com\/hr\/wp-json\/wp\/v2\/pages\/3306\/revisions\/8169"}],"wp:attachment":[{"href":"https:\/\/www.pax-travel.com\/hr\/wp-json\/wp\/v2\/media?parent=3306"}],"curies":[{"name":"wp","href":"https:\/\/api.w.org\/{rel}","templated":true}]}}