{"id":4233,"date":"2016-04-01T15:16:04","date_gmt":"2016-04-01T15:16:04","guid":{"rendered":"https:\/\/www.pax-travel.com\/hr\/?page_id=4233"},"modified":"2017-04-05T21:12:03","modified_gmt":"2017-04-05T21:12:03","slug":"faq-cesto-postavljana-pitanja","status":"publish","type":"page","link":"https:\/\/www.pax-travel.com\/hr\/faq-cesto-postavljana-pitanja\/","title":{"rendered":"FAQ &#8211; \u010cesto postavljana pitanja"},"content":{"rendered":"<div class=\"fusion-fullwidth fullwidth-box fusion-fullwidth-1  fusion-parallax-none nonhundred-percent-fullwidth\" style=\"border-color:#eae9e9;border-bottom-width: 0px;border-top-width: 0px;border-bottom-style: solid;border-top-style: solid;padding-bottom:75px;padding-top:70px;padding-left:0px;padding-right:0px;background-color:rgba(255,255,255,0);\"><style type=\"text\/css\" scoped=\"scoped\">.fusion-fullwidth-1 {\n                            padding-left: 0px !important;\n                            padding-right: 0px !important;\n                        }<\/style><div class=\"fusion-row\"><div class=\"fusion-one-half fusion-layout-column fusion-spacing-yes\" style=\"margin-top:0px;margin-bottom:20px;\"><div class=\"fusion-column-wrapper\"><div class=\"accordian fusion-accordian\"><div class=\"panel-group\" id=\"accordion-4233-1\"><div class=\"fusion-panel panel-default\"><div class=\"panel-heading\"><h4 class=\"panel-title toggle\"><a data-toggle=\"collapse\" data-parent=\"#accordion-4233-1\" data-target=\"#7767944ae5d35417f\" href=\"#7767944ae5d35417f\"><div class=\"fusion-toggle-icon-wrapper\"><i class=\"fa-fusion-box\"><\/i><\/div><div class=\"fusion-toggle-heading\">\u0160to mogu rezervirati?<\/div><\/a><\/h4><\/div><div id=\"7767944ae5d35417f\" class=\"panel-collapse collapse \"><div class=\"panel-body toggle-content\">Mo\u017eete rezervirati sve \u0161to \u017eelite, samo nas nazovite ili nam po\u0161aljite E-mail, a mi \u0107emo napraviti najbolju ponudu prema va\u0161im zahtjevima.<\/div><\/div><\/div><div class=\"fusion-panel panel-default\"><div class=\"panel-heading\"><h4 class=\"panel-title toggle\"><a data-toggle=\"collapse\" data-parent=\"#accordion-4233-1\" data-target=\"#341bc8a0f15ecb4a7\" href=\"#341bc8a0f15ecb4a7\"><div class=\"fusion-toggle-icon-wrapper\"><i class=\"fa-fusion-box\"><\/i><\/div><div class=\"fusion-toggle-heading\">Kako mogu napraviti rezervaciju?<\/div><\/a><\/h4><\/div><div id=\"341bc8a0f15ecb4a7\" class=\"panel-collapse collapse \"><div class=\"panel-body toggle-content\">Ako \u017eelite napraviti rezervaciju, molimo Vas da ispunite obrazac za informacije na na\u0161oj web stranici, sa Va\u0161im imenom, E-mail adresom i Va\u0161om porukom ili nas nazovite te\u00a0 po\u0161aljite e-mail sa svojim zahtjevima.<\/div><\/div><\/div><div class=\"fusion-panel panel-default\"><div class=\"panel-heading\"><h4 class=\"panel-title toggle\"><a data-toggle=\"collapse\" data-parent=\"#accordion-4233-1\" data-target=\"#8909f1da74fa37b1e\" href=\"#8909f1da74fa37b1e\"><div class=\"fusion-toggle-icon-wrapper\"><i class=\"fa-fusion-box\"><\/i><\/div><div class=\"fusion-toggle-heading\">Koje su informacije potrebne ako \u017eelim rezervirati hotel?<\/div><\/a><\/h4><\/div><div id=\"8909f1da74fa37b1e\" class=\"panel-collapse collapse \"><div class=\"panel-body toggle-content\">Morate nam re\u0107i datum svog dolaska \/ odlaska, broj osoba, tip sobe, usluge i dodatne zahtjeve ako ih ima.<\/div><\/div><\/div><div class=\"fusion-panel panel-default\"><div class=\"panel-heading\"><h4 class=\"panel-title toggle\"><a data-toggle=\"collapse\" data-parent=\"#accordion-4233-1\" data-target=\"#75c79595312c95e64\" href=\"#75c79595312c95e64\"><div class=\"fusion-toggle-icon-wrapper\"><i class=\"fa-fusion-box\"><\/i><\/div><div class=\"fusion-toggle-heading\">\u0160to je opcija?<\/div><\/a><\/h4><\/div><div id=\"75c79595312c95e64\" class=\"panel-collapse collapse \"><div class=\"panel-body toggle-content\">Ukoliko \u017eelite rezervirati odre\u0111eni hotel, ali niste sigurni o tome, mi \u0107emo vam dati datum dok kojeg mo\u017ee promijeniti svoju rezervaciju bez naknade.<\/div><\/div><\/div><div class=\"fusion-panel panel-default\"><div class=\"panel-heading\"><h4 class=\"panel-title toggle\"><a data-toggle=\"collapse\" data-parent=\"#accordion-4233-1\" data-target=\"#e9cfb1345e9abe76e\" href=\"#e9cfb1345e9abe76e\"><div class=\"fusion-toggle-icon-wrapper\"><i class=\"fa-fusion-box\"><\/i><\/div><div class=\"fusion-toggle-heading\">Do kada mogu poni\u0161titi rezervaciju bez naknade?<\/div><\/a><\/h4><\/div><div id=\"e9cfb1345e9abe76e\" class=\"panel-collapse collapse \"><div class=\"panel-body toggle-content\">Ako se odlu\u010dite za odre\u0111eni hotel, odmah \u0107emo Vam poslati uvjete otkazivanja spomenutog hotela, tako da \u0107ete biti obavije\u0161teni do kada otkazati bez naknade.<br \/>\n<\/div><\/div><\/div><div class=\"fusion-panel panel-default\"><div class=\"panel-heading\"><h4 class=\"panel-title toggle\"><a data-toggle=\"collapse\" data-parent=\"#accordion-4233-1\" data-target=\"#cd0c03c70899323d6\" href=\"#cd0c03c70899323d6\"><div class=\"fusion-toggle-icon-wrapper\"><i class=\"fa-fusion-box\"><\/i><\/div><div class=\"fusion-toggle-heading\">Kako mogu platiti?<\/div><\/a><\/h4><\/div><div id=\"cd0c03c70899323d6\" class=\"panel-collapse collapse \"><div class=\"panel-body toggle-content\">Mo\u017eete platiti s Visa, MasterCard karticom.<br \/>\n<\/div><\/div><\/div><div class=\"fusion-panel panel-default\"><div class=\"panel-heading\"><h4 class=\"panel-title toggle\"><a data-toggle=\"collapse\" data-parent=\"#accordion-4233-1\" data-target=\"#1eef0a5b764f87d53\" href=\"#1eef0a5b764f87d53\"><div class=\"fusion-toggle-icon-wrapper\"><i class=\"fa-fusion-box\"><\/i><\/div><div class=\"fusion-toggle-heading\">Da li moram platiti unaprijed?<\/div><\/a><\/h4><\/div><div id=\"1eef0a5b764f87d53\" class=\"panel-collapse collapse \"><div class=\"panel-body toggle-content\">Ako \u017eelite rezervirati ranije, morate platiti depozit od 30% od va\u0161eg punog iznosa kao jamstvo dolaska.<br \/>\n<\/div><\/div><\/div><div class=\"fusion-panel panel-default\"><div class=\"panel-heading\"><h4 class=\"panel-title toggle\"><a data-toggle=\"collapse\" data-parent=\"#accordion-4233-1\" data-target=\"#d27c2470559caaa38\" href=\"#d27c2470559caaa38\"><div class=\"fusion-toggle-icon-wrapper\"><i class=\"fa-fusion-box\"><\/i><\/div><div class=\"fusion-toggle-heading\">Koji su dokumenti potrebni za putovanje?<\/div><\/a><\/h4><\/div><div id=\"d27c2470559caaa38\" class=\"panel-collapse collapse \"><div class=\"panel-body toggle-content\">Za me\u0111unarodne letove potrebna je putovnica i viza. Dakle, molimo Vas da provjerite da li Vam je potrebna viza za odabrano odredi\u0161te. Na\u0161i agenti nisu odgovorni za informacije koje se ti\u010du viza ili putovnica.<br \/>\n<\/div><\/div><\/div><div class=\"fusion-panel panel-default\"><div class=\"panel-heading\"><h4 class=\"panel-title toggle\"><a data-toggle=\"collapse\" data-parent=\"#accordion-4233-1\" data-target=\"#c7fb4b568ac6c7e67\" href=\"#c7fb4b568ac6c7e67\"><div class=\"fusion-toggle-icon-wrapper\"><i class=\"fa-fusion-box\"><\/i><\/div><div class=\"fusion-toggle-heading\">Mogu li rezervirati putovanje?<\/div><\/a><\/h4><\/div><div id=\"c7fb4b568ac6c7e67\" class=\"panel-collapse collapse \"><div class=\"panel-body toggle-content\">Mo\u017eete rezervirati bilo koje putovanje, samo nam po\u0161aljite svoje odredi\u0161te, broj osoba, vrstu prijevoza i uslugu.<br \/>\n<\/div><\/div><\/div><div class=\"fusion-panel panel-default\"><div class=\"panel-heading\"><h4 class=\"panel-title toggle\"><a data-toggle=\"collapse\" data-parent=\"#accordion-4233-1\" data-target=\"#54784c3852b302a52\" href=\"#54784c3852b302a52\"><div class=\"fusion-toggle-icon-wrapper\"><i class=\"fa-fusion-box\"><\/i><\/div><div class=\"fusion-toggle-heading\">Mogu li kupiti osiguranje za moje putovanje?<\/div><\/a><\/h4><\/div><div id=\"54784c3852b302a52\" class=\"panel-collapse collapse \"><div class=\"panel-body toggle-content\">Da, mo\u017eete, kontaktirajte nas putem E-mail-a ili na telefon, a mi \u0107emo Vam pru\u017eiti putno osiguranje.<br \/>\n<\/div><\/div><\/div><div class=\"fusion-panel panel-default\"><div class=\"panel-heading\"><h4 class=\"panel-title toggle\"><a data-toggle=\"collapse\" data-parent=\"#accordion-4233-1\" data-target=\"#db56d2e53f50935a9\" href=\"#db56d2e53f50935a9\"><div class=\"fusion-toggle-icon-wrapper\"><i class=\"fa-fusion-box\"><\/i><\/div><div class=\"fusion-toggle-heading\">Mogu li rezervirati zrakoplovnu kartu?<\/div><\/a><\/h4><\/div><div id=\"db56d2e53f50935a9\" class=\"panel-collapse collapse \"><div class=\"panel-body toggle-content\">Da, mo\u017eete rezervirati zrakoplovnu kartu, samo nam po\u0161aljite svoje odredi\u0161te, da li je karta povratna ili ne, broj putovnice i uslugu (tip prtljage, posebni zahtjevi).<br \/>\n<\/div><\/div><\/div><div class=\"fusion-panel panel-default\"><div class=\"panel-heading\"><h4 class=\"panel-title toggle\"><a data-toggle=\"collapse\" data-parent=\"#accordion-4233-1\" data-target=\"#567b7f82062c752d9\" href=\"#567b7f82062c752d9\"><div class=\"fusion-toggle-icon-wrapper\"><i class=\"fa-fusion-box\"><\/i><\/div><div class=\"fusion-toggle-heading\">Kako mogu primiti svoju kartu? \u0160to je E-Ticket (elektronska karta)?<\/div><\/a><\/h4><\/div><div id=\"567b7f82062c752d9\" class=\"panel-collapse collapse \"><div class=\"panel-body toggle-content\">Primiti \u0107ete E-mail sa brojem rezervacije kao dokaz da je Va\u0161a karta izdana. Ne mora biti prikazan na va\u0161em dolasku, ali preporu\u010dljivo je, me\u0111utim, da se ra\u010dun elektronske karte ponese na put, jer slu\u017ei kao dokaz Va\u0161e rezervacije u slu\u010daju ra\u010dunalne ili elektronske gre\u0161ke.<br \/>\n<\/div><\/div><\/div><div class=\"fusion-panel panel-default\"><div class=\"panel-heading\"><h4 class=\"panel-title toggle\"><a data-toggle=\"collapse\" data-parent=\"#accordion-4233-1\" data-target=\"#5719f7f8e7ea319d9\" href=\"#5719f7f8e7ea319d9\"><div class=\"fusion-toggle-icon-wrapper\"><i class=\"fa-fusion-box\"><\/i><\/div><div class=\"fusion-toggle-heading\">\u0160to je E-Ticket (elektronska karta)?<\/div><\/a><\/h4><\/div><div id=\"5719f7f8e7ea319d9\" class=\"panel-collapse collapse \"><div class=\"panel-body toggle-content\">E-ticket je elektroni\u010dki zapis zrakoplovne rezervacije putnika, sadr\u017ei podatke kao \u0161to su vrijeme i datum letenja, mjesto polaska\/dolaska, broj sjedala i putni\u010dku klasu. Na dolasku putnici s elektronskom kartom trebaju samo pokazati valjanu putovnicu i zauzeti svoje mjesto u zrakoplovu. Nakon \u0161to zrakoplovna kompanija potvrdi informacije o putniku, izdaje se boarding pass koju putnik koristi pri ukrcaju na avion.<br \/>\n<\/div><\/div><\/div><\/div><\/div><div class=\"fusion-sep-clear\"><\/div><div class=\"fusion-separator fusion-full-width-sep sep-none\" style=\"border-color:#e0dede;margin-left: auto;margin-right: auto;margin-top:;margin-bottom:20px;\"><\/div><div class=\"fusion-clearfix\"><\/div><\/div><\/div><div class=\"fusion-one-half fusion-layout-column fusion-column-last fusion-spacing-yes\" style=\"margin-top:0px;margin-bottom:20px;\"><div class=\"fusion-column-wrapper\"><h2>Za sva dodatna pitanja, kontaktirajte nas!<\/h2>\n\n<div class=\"wpcf7 no-js\" id=\"wpcf7-f2982-o1\" lang=\"it-IT\" dir=\"ltr\">\n<div class=\"screen-reader-response\"><p role=\"status\" aria-live=\"polite\" aria-atomic=\"true\"><\/p> <ul><\/ul><\/div>\n<form action=\"\/hr\/wp-json\/wp\/v2\/pages\/4233#wpcf7-f2982-o1\" method=\"post\" class=\"wpcf7-form init\" aria-label=\"Modulo di contatto\" novalidate=\"novalidate\" data-status=\"init\">\n<div style=\"display: none;\">\n<input type=\"hidden\" name=\"_wpcf7\" value=\"2982\" \/>\n<input type=\"hidden\" name=\"_wpcf7_version\" value=\"5.8.1\" \/>\n<input type=\"hidden\" name=\"_wpcf7_locale\" value=\"it_IT\" \/>\n<input type=\"hidden\" name=\"_wpcf7_unit_tag\" value=\"wpcf7-f2982-o1\" \/>\n<input type=\"hidden\" name=\"_wpcf7_container_post\" value=\"0\" \/>\n<input type=\"hidden\" name=\"_wpcf7_posted_data_hash\" value=\"\" \/>\n<\/div>\n<p>Va\u0161e Ime (obavezno)\n<\/p>\n<p><span class=\"wpcf7-form-control-wrap\" data-name=\"your-name\"><input size=\"40\" class=\"wpcf7-form-control wpcf7-text wpcf7-validates-as-required\" aria-required=\"true\" aria-invalid=\"false\" value=\"\" type=\"text\" name=\"your-name\" \/><\/span>\n<\/p>\n<p>Va\u0161 E-Mail (obavezno)\n<\/p>\n<p><span class=\"wpcf7-form-control-wrap\" data-name=\"your-email\"><input size=\"40\" class=\"wpcf7-form-control wpcf7-email wpcf7-validates-as-required wpcf7-text wpcf7-validates-as-email\" aria-required=\"true\" aria-invalid=\"false\" value=\"\" type=\"email\" name=\"your-email\" \/><\/span>\n<\/p>\n<p>Predmet\n<\/p>\n<p><span class=\"wpcf7-form-control-wrap\" data-name=\"your-subject\"><input size=\"40\" class=\"wpcf7-form-control wpcf7-text\" aria-invalid=\"false\" value=\"\" type=\"text\" name=\"your-subject\" \/><\/span>\n<\/p>\n<p>Va\u0161a Poruka\n<\/p>\n<p><span class=\"wpcf7-form-control-wrap\" data-name=\"your-message\"><textarea cols=\"40\" rows=\"10\" class=\"wpcf7-form-control wpcf7-textarea\" aria-invalid=\"false\" name=\"your-message\"><\/textarea><\/span>\n<\/p>\n<p><span class=\"wpcf7-form-control-wrap\" data-name=\"acceptance-614\"><span class=\"wpcf7-form-control wpcf7-acceptance\"><span class=\"wpcf7-list-item\"><input type=\"checkbox\" name=\"acceptance-614\" value=\"1\" aria-invalid=\"false\" \/><\/span><\/span><\/span> Odobravam kori\u0161tenje mojih osobnih podataka u skladu sa va\u017ee\u0107im <a href=\"https:\/\/www.pax-travel.com\/hr\/pravilima-o-privatnosti\/\">pravilima o privatnosti<\/a>\n<\/p>\n<p><input class=\"wpcf7-form-control wpcf7-submit has-spinner\" type=\"submit\" value=\"Poslati\" \/>\n<\/p><div class=\"wpcf7-response-output\" aria-hidden=\"true\"><\/div>\n<\/form>\n<\/div>\n\n<div class=\"fusion-sep-clear\"><\/div><div class=\"fusion-separator fusion-full-width-sep sep-none\" style=\"border-color:#e0dede;margin-left: auto;margin-right: auto;margin-top:;margin-bottom:20px;\"><\/div><div class=\"fusion-clearfix\"><\/div><\/div><\/div><div class=\"fusion-clearfix\"><\/div><\/div><\/div>\n<p><a href=\"\/\/www.pinterest.com\/pin\/create\/button\/\" data-pin-do=\"buttonBookmark\" data-pin-color=\"red\" data-pin-height=\"128\"><img src=\"\/\/assets.pinterest.com\/images\/pidgets\/pinit_fg_en_rect_red_28.png\" \/><\/a><\/p>","protected":false},"excerpt":{"rendered":"","protected":false},"author":1,"featured_media":0,"parent":0,"menu_order":0,"comment_status":"closed","ping_status":"closed","template":"","meta":{"footnotes":""},"yoast_head":"<!-- This site is optimized with the Yoast SEO plugin v21.2 - https:\/\/yoast.com\/wordpress\/plugins\/seo\/ -->\n<title>FAQ - \u010cesto postavljana pitanja - Pax Travel - Medjugorje<\/title>\n<meta name=\"robots\" content=\"index, follow, max-snippet:-1, max-image-preview:large, max-video-preview:-1\" \/>\n<link rel=\"canonical\" href=\"https:\/\/www.pax-travel.com\/faq-domande-frequenti\/\" \/>\n<meta property=\"og:locale\" content=\"hr_HR\" \/>\n<meta property=\"og:type\" content=\"article\" \/>\n<meta property=\"og:title\" content=\"FAQ - \u010cesto postavljana pitanja - Pax Travel - Medjugorje\" \/>\n<meta property=\"og:url\" content=\"https:\/\/www.pax-travel.com\/faq-domande-frequenti\/\" \/>\n<meta property=\"og:site_name\" content=\"Pax Travel - Medjugorje\" \/>\n<meta property=\"article:modified_time\" content=\"2017-04-05T21:12:03+00:00\" \/>\n<meta name=\"twitter:card\" content=\"summary_large_image\" \/>\n<meta name=\"twitter:label1\" content=\"Procijenjeno vrijeme \u010ditanja\" \/>\n\t<meta name=\"twitter:data1\" content=\"4 minute\" \/>\n<script type=\"application\/ld+json\" class=\"yoast-schema-graph\">{\"@context\":\"https:\/\/schema.org\",\"@graph\":[{\"@type\":\"WebPage\",\"@id\":\"https:\/\/www.pax-travel.com\/faq-domande-frequenti\/\",\"url\":\"https:\/\/www.pax-travel.com\/faq-domande-frequenti\/\",\"name\":\"FAQ - \u010cesto postavljana pitanja - Pax Travel - Medjugorje\",\"isPartOf\":{\"@id\":\"https:\/\/www.pax-travel.com\/#website\"},\"datePublished\":\"2016-04-01T15:16:04+00:00\",\"dateModified\":\"2017-04-05T21:12:03+00:00\",\"breadcrumb\":{\"@id\":\"https:\/\/www.pax-travel.com\/faq-domande-frequenti\/#breadcrumb\"},\"inLanguage\":\"hr\",\"potentialAction\":[{\"@type\":\"ReadAction\",\"target\":[\"https:\/\/www.pax-travel.com\/faq-domande-frequenti\/\"]}]},{\"@type\":\"BreadcrumbList\",\"@id\":\"https:\/\/www.pax-travel.com\/faq-domande-frequenti\/#breadcrumb\",\"itemListElement\":[{\"@type\":\"ListItem\",\"position\":1,\"name\":\"Home\",\"item\":\"https:\/\/www.pax-travel.com\/hr\/\"},{\"@type\":\"ListItem\",\"position\":2,\"name\":\"FAQ &#8211; \u010cesto postavljana pitanja\"}]},{\"@type\":\"WebSite\",\"@id\":\"https:\/\/www.pax-travel.com\/#website\",\"url\":\"https:\/\/www.pax-travel.com\/\",\"name\":\"Pax Travel - Medjugorje\",\"description\":\"Turisti\u010dka agencija u Me\u0111ugorju\",\"potentialAction\":[{\"@type\":\"SearchAction\",\"target\":{\"@type\":\"EntryPoint\",\"urlTemplate\":\"https:\/\/www.pax-travel.com\/?s={search_term_string}\"},\"query-input\":\"required name=search_term_string\"}],\"inLanguage\":\"hr\"}]}<\/script>\n<!-- \/ Yoast SEO plugin. -->","yoast_head_json":{"title":"FAQ - \u010cesto postavljana pitanja - Pax Travel - Medjugorje","robots":{"index":"index","follow":"follow","max-snippet":"max-snippet:-1","max-image-preview":"max-image-preview:large","max-video-preview":"max-video-preview:-1"},"canonical":"https:\/\/www.pax-travel.com\/faq-domande-frequenti\/","og_locale":"hr_HR","og_type":"article","og_title":"FAQ - \u010cesto postavljana pitanja - Pax Travel - Medjugorje","og_url":"https:\/\/www.pax-travel.com\/faq-domande-frequenti\/","og_site_name":"Pax Travel - Medjugorje","article_modified_time":"2017-04-05T21:12:03+00:00","twitter_card":"summary_large_image","twitter_misc":{"Procijenjeno vrijeme \u010ditanja":"4 minute"},"schema":{"@context":"https:\/\/schema.org","@graph":[{"@type":"WebPage","@id":"https:\/\/www.pax-travel.com\/faq-domande-frequenti\/","url":"https:\/\/www.pax-travel.com\/faq-domande-frequenti\/","name":"FAQ - \u010cesto postavljana pitanja - Pax Travel - Medjugorje","isPartOf":{"@id":"https:\/\/www.pax-travel.com\/#website"},"datePublished":"2016-04-01T15:16:04+00:00","dateModified":"2017-04-05T21:12:03+00:00","breadcrumb":{"@id":"https:\/\/www.pax-travel.com\/faq-domande-frequenti\/#breadcrumb"},"inLanguage":"hr","potentialAction":[{"@type":"ReadAction","target":["https:\/\/www.pax-travel.com\/faq-domande-frequenti\/"]}]},{"@type":"BreadcrumbList","@id":"https:\/\/www.pax-travel.com\/faq-domande-frequenti\/#breadcrumb","itemListElement":[{"@type":"ListItem","position":1,"name":"Home","item":"https:\/\/www.pax-travel.com\/hr\/"},{"@type":"ListItem","position":2,"name":"FAQ &#8211; \u010cesto postavljana pitanja"}]},{"@type":"WebSite","@id":"https:\/\/www.pax-travel.com\/#website","url":"https:\/\/www.pax-travel.com\/","name":"Pax Travel - Medjugorje","description":"Turisti\u010dka agencija u Me\u0111ugorju","potentialAction":[{"@type":"SearchAction","target":{"@type":"EntryPoint","urlTemplate":"https:\/\/www.pax-travel.com\/?s={search_term_string}"},"query-input":"required name=search_term_string"}],"inLanguage":"hr"}]}},"_links":{"self":[{"href":"https:\/\/www.pax-travel.com\/hr\/wp-json\/wp\/v2\/pages\/4233"}],"collection":[{"href":"https:\/\/www.pax-travel.com\/hr\/wp-json\/wp\/v2\/pages"}],"about":[{"href":"https:\/\/www.pax-travel.com\/hr\/wp-json\/wp\/v2\/types\/page"}],"author":[{"embeddable":true,"href":"https:\/\/www.pax-travel.com\/hr\/wp-json\/wp\/v2\/users\/1"}],"replies":[{"embeddable":true,"href":"https:\/\/www.pax-travel.com\/hr\/wp-json\/wp\/v2\/comments?post=4233"}],"version-history":[{"count":9,"href":"https:\/\/www.pax-travel.com\/hr\/wp-json\/wp\/v2\/pages\/4233\/revisions"}],"predecessor-version":[{"id":6710,"href":"https:\/\/www.pax-travel.com\/hr\/wp-json\/wp\/v2\/pages\/4233\/revisions\/6710"}],"wp:attachment":[{"href":"https:\/\/www.pax-travel.com\/hr\/wp-json\/wp\/v2\/media?parent=4233"}],"curies":[{"name":"wp","href":"https:\/\/api.w.org\/{rel}","templated":true}]}}