{"id":7156,"date":"2017-06-28T14:33:43","date_gmt":"2017-06-28T14:33:43","guid":{"rendered":"https:\/\/www.pax-travel.com\/hr\/destinacije\/bjelasnica\/"},"modified":"2017-07-01T08:59:53","modified_gmt":"2017-07-01T08:59:53","slug":"bjelasnica","status":"publish","type":"page","link":"https:\/\/www.pax-travel.com\/hr\/destinacije\/bjelasnica\/","title":{"rendered":"Bjelasnica"},"content":{"rendered":"<div class=\"fusion-fullwidth fullwidth-box fusion-fullwidth-1  fusion-parallax-none nonhundred-percent-fullwidth\" style=\"border-color:#eae9e9;border-bottom-width: 0px;border-top-width: 0px;border-bottom-style: solid;border-top-style: solid;padding-bottom:20px;padding-top:20px;padding-left:;padding-right:;background-color:rgba(255,255,255,0);\"><style type=\"text\/css\" scoped=\"scoped\">.fusion-fullwidth-1 {\n                            padding-left: px !important;\n                            padding-right: px !important;\n                        }<\/style><div class=\"fusion-row\"><div class=\"fusion-one-full fusion-layout-column fusion-column-last fusion-spacing-yes\" style=\"margin-top:0px;margin-bottom:20px;\"><div class=\"fusion-column-wrapper\"><h1 data-fontsize=\"60\" data-lineheight=\"60\">Planina Bjela\u0161nica<\/h1>\n<div class=\"fusion-clearfix\"><\/div><\/div><\/div><div class=\"fusion-clearfix\"><\/div><div class=\"fusion-one-third fusion-layout-column fusion-spacing-yes\" style=\"margin-top:0px;margin-bottom:20px;\"><div class=\"fusion-column-wrapper\"><p>Netaknuto \u010dudo prirode u Bosni je poznata planina Bjela\u0161nica. Bjela\u0161nica se nalazi u sredi\u0161njem dijelu zemlje, samo 25 km od povijesnog glavnog grada Sarajevo. Najvi\u0161i vrh na Bjela\u0161nici je Opservatorij, visok 2.067 metara. Mo\u017eete u\u017eivati u vi\u0161e od 40 kilometara skija\u0161kih staza u prekrasnom ambijentu. Planina Bjela\u0161nica postigla svjetska popularnost nakon sto je bila doma\u0107in Zimskih olimpijskih igara davne 1984. Va\u017eno je napomenuti da je Me\u0111unarodni olimpijski odbor proglasio Zimske olimpijske igre 1984. najboljima u povijesti! Ako odlu\u010dite provesti zimske praznike na Bjela\u0161nici, izbor vikendica, apartmana i motela je prili\u010dno velik.<\/p>\n<div class=\"fusion-clearfix\"><\/div><\/div><\/div><div class=\"fusion-two-third fusion-layout-column fusion-column-last fusion-spacing-yes\" style=\"margin-top:0px;margin-bottom:20px;\"><div class=\"fusion-column-wrapper\" style=\"background:url(https:\/\/www.pax-travel.com\/wp-content\/uploads\/2016\/02\/1280px-Bjelasnica_summit_seen_from_Josipova_Staze.jpg) left top no-repeat ;-webkit-background-size:cover;-moz-background-size:cover;-o-background-size:cover;background-size:cover;\" data-bg-url=\"https:\/\/www.pax-travel.com\/wp-content\/uploads\/2016\/02\/1280px-Bjelasnica_summit_seen_from_Josipova_Staze.jpg\"><div class=\"fusion-clearfix\"><\/div><\/div><\/div><div class=\"fusion-clearfix\"><\/div><div class=\"fusion-sep-clear\"><\/div><div class=\"fusion-separator fusion-full-width-sep sep-single\" style=\"border-color:#000000;border-top-width:1px;margin-left: auto;margin-right: auto;margin-top:;margin-bottom:30px;\"><\/div><h2>Za informacije:<\/h2>\n\n<div class=\"wpcf7 no-js\" id=\"wpcf7-f2982-o1\" lang=\"it-IT\" dir=\"ltr\">\n<div class=\"screen-reader-response\"><p role=\"status\" aria-live=\"polite\" aria-atomic=\"true\"><\/p> <ul><\/ul><\/div>\n<form action=\"\/hr\/wp-json\/wp\/v2\/pages\/7156#wpcf7-f2982-o1\" method=\"post\" class=\"wpcf7-form init\" aria-label=\"Modulo di contatto\" novalidate=\"novalidate\" data-status=\"init\">\n<div style=\"display: none;\">\n<input type=\"hidden\" name=\"_wpcf7\" value=\"2982\" \/>\n<input type=\"hidden\" name=\"_wpcf7_version\" value=\"5.8.1\" \/>\n<input type=\"hidden\" name=\"_wpcf7_locale\" value=\"it_IT\" \/>\n<input type=\"hidden\" name=\"_wpcf7_unit_tag\" value=\"wpcf7-f2982-o1\" \/>\n<input type=\"hidden\" name=\"_wpcf7_container_post\" value=\"0\" \/>\n<input type=\"hidden\" name=\"_wpcf7_posted_data_hash\" value=\"\" \/>\n<\/div>\n<p>Va\u0161e Ime (obavezno)\n<\/p>\n<p><span class=\"wpcf7-form-control-wrap\" data-name=\"your-name\"><input size=\"40\" class=\"wpcf7-form-control wpcf7-text wpcf7-validates-as-required\" aria-required=\"true\" aria-invalid=\"false\" value=\"\" type=\"text\" name=\"your-name\" \/><\/span>\n<\/p>\n<p>Va\u0161 E-Mail (obavezno)\n<\/p>\n<p><span class=\"wpcf7-form-control-wrap\" data-name=\"your-email\"><input size=\"40\" class=\"wpcf7-form-control wpcf7-email wpcf7-validates-as-required wpcf7-text wpcf7-validates-as-email\" aria-required=\"true\" aria-invalid=\"false\" value=\"\" type=\"email\" name=\"your-email\" \/><\/span>\n<\/p>\n<p>Predmet\n<\/p>\n<p><span class=\"wpcf7-form-control-wrap\" data-name=\"your-subject\"><input size=\"40\" class=\"wpcf7-form-control wpcf7-text\" aria-invalid=\"false\" value=\"\" type=\"text\" name=\"your-subject\" \/><\/span>\n<\/p>\n<p>Va\u0161a Poruka\n<\/p>\n<p><span class=\"wpcf7-form-control-wrap\" data-name=\"your-message\"><textarea cols=\"40\" rows=\"10\" class=\"wpcf7-form-control wpcf7-textarea\" aria-invalid=\"false\" name=\"your-message\"><\/textarea><\/span>\n<\/p>\n<p><span class=\"wpcf7-form-control-wrap\" data-name=\"acceptance-614\"><span class=\"wpcf7-form-control wpcf7-acceptance\"><span class=\"wpcf7-list-item\"><input type=\"checkbox\" name=\"acceptance-614\" value=\"1\" aria-invalid=\"false\" \/><\/span><\/span><\/span> Odobravam kori\u0161tenje mojih osobnih podataka u skladu sa va\u017ee\u0107im <a href=\"https:\/\/www.pax-travel.com\/hr\/pravilima-o-privatnosti\/\">pravilima o privatnosti<\/a>\n<\/p>\n<p><input class=\"wpcf7-form-control wpcf7-submit has-spinner\" type=\"submit\" value=\"Poslati\" \/>\n<\/p><div class=\"wpcf7-response-output\" aria-hidden=\"true\"><\/div>\n<\/form>\n<\/div>\n\n<\/div><\/div>\n<p><a href=\"\/\/www.pinterest.com\/pin\/create\/button\/\" data-pin-do=\"buttonBookmark\" data-pin-color=\"red\" data-pin-height=\"128\"><img src=\"\/\/assets.pinterest.com\/images\/pidgets\/pinit_fg_en_rect_red_28.png\" \/><\/a><\/p>","protected":false},"excerpt":{"rendered":"","protected":false},"author":1,"featured_media":0,"parent":3302,"menu_order":0,"comment_status":"closed","ping_status":"closed","template":"","meta":{"footnotes":""},"yoast_head":"<!-- This site is optimized with the Yoast SEO plugin v21.2 - https:\/\/yoast.com\/wordpress\/plugins\/seo\/ -->\n<title>Bjelasnica - Pax Travel - Medjugorje<\/title>\n<meta name=\"robots\" content=\"index, follow, max-snippet:-1, max-image-preview:large, max-video-preview:-1\" \/>\n<link rel=\"canonical\" href=\"https:\/\/www.pax-travel.com\/destinazioni\/bjelasnica\/\" \/>\n<meta property=\"og:locale\" content=\"hr_HR\" \/>\n<meta property=\"og:type\" content=\"article\" \/>\n<meta property=\"og:title\" content=\"Bjelasnica - Pax Travel - Medjugorje\" \/>\n<meta property=\"og:url\" content=\"https:\/\/www.pax-travel.com\/destinazioni\/bjelasnica\/\" \/>\n<meta property=\"og:site_name\" content=\"Pax Travel - Medjugorje\" \/>\n<meta property=\"article:modified_time\" content=\"2017-07-01T08:59:53+00:00\" \/>\n<meta name=\"twitter:card\" content=\"summary_large_image\" \/>\n<meta name=\"twitter:label1\" content=\"Procijenjeno vrijeme \u010ditanja\" \/>\n\t<meta name=\"twitter:data1\" content=\"2 minute\" \/>\n<script type=\"application\/ld+json\" class=\"yoast-schema-graph\">{\"@context\":\"https:\/\/schema.org\",\"@graph\":[{\"@type\":\"WebPage\",\"@id\":\"https:\/\/www.pax-travel.com\/destinazioni\/bjelasnica\/\",\"url\":\"https:\/\/www.pax-travel.com\/destinazioni\/bjelasnica\/\",\"name\":\"Bjelasnica - Pax Travel - Medjugorje\",\"isPartOf\":{\"@id\":\"https:\/\/www.pax-travel.com\/#website\"},\"datePublished\":\"2017-06-28T14:33:43+00:00\",\"dateModified\":\"2017-07-01T08:59:53+00:00\",\"breadcrumb\":{\"@id\":\"https:\/\/www.pax-travel.com\/destinazioni\/bjelasnica\/#breadcrumb\"},\"inLanguage\":\"hr\",\"potentialAction\":[{\"@type\":\"ReadAction\",\"target\":[\"https:\/\/www.pax-travel.com\/destinazioni\/bjelasnica\/\"]}]},{\"@type\":\"BreadcrumbList\",\"@id\":\"https:\/\/www.pax-travel.com\/destinazioni\/bjelasnica\/#breadcrumb\",\"itemListElement\":[{\"@type\":\"ListItem\",\"position\":1,\"name\":\"Home\",\"item\":\"https:\/\/www.pax-travel.com\/hr\/\"},{\"@type\":\"ListItem\",\"position\":2,\"name\":\"DESTINACIJE\",\"item\":\"https:\/\/www.pax-travel.com\/destinazioni\/\"},{\"@type\":\"ListItem\",\"position\":3,\"name\":\"Bjelasnica\"}]},{\"@type\":\"WebSite\",\"@id\":\"https:\/\/www.pax-travel.com\/#website\",\"url\":\"https:\/\/www.pax-travel.com\/\",\"name\":\"Pax Travel - Medjugorje\",\"description\":\"Turisti\u010dka agencija u Me\u0111ugorju\",\"potentialAction\":[{\"@type\":\"SearchAction\",\"target\":{\"@type\":\"EntryPoint\",\"urlTemplate\":\"https:\/\/www.pax-travel.com\/?s={search_term_string}\"},\"query-input\":\"required name=search_term_string\"}],\"inLanguage\":\"hr\"}]}<\/script>\n<!-- \/ Yoast SEO plugin. -->","yoast_head_json":{"title":"Bjelasnica - Pax Travel - Medjugorje","robots":{"index":"index","follow":"follow","max-snippet":"max-snippet:-1","max-image-preview":"max-image-preview:large","max-video-preview":"max-video-preview:-1"},"canonical":"https:\/\/www.pax-travel.com\/destinazioni\/bjelasnica\/","og_locale":"hr_HR","og_type":"article","og_title":"Bjelasnica - Pax Travel - Medjugorje","og_url":"https:\/\/www.pax-travel.com\/destinazioni\/bjelasnica\/","og_site_name":"Pax Travel - Medjugorje","article_modified_time":"2017-07-01T08:59:53+00:00","twitter_card":"summary_large_image","twitter_misc":{"Procijenjeno vrijeme \u010ditanja":"2 minute"},"schema":{"@context":"https:\/\/schema.org","@graph":[{"@type":"WebPage","@id":"https:\/\/www.pax-travel.com\/destinazioni\/bjelasnica\/","url":"https:\/\/www.pax-travel.com\/destinazioni\/bjelasnica\/","name":"Bjelasnica - Pax Travel - Medjugorje","isPartOf":{"@id":"https:\/\/www.pax-travel.com\/#website"},"datePublished":"2017-06-28T14:33:43+00:00","dateModified":"2017-07-01T08:59:53+00:00","breadcrumb":{"@id":"https:\/\/www.pax-travel.com\/destinazioni\/bjelasnica\/#breadcrumb"},"inLanguage":"hr","potentialAction":[{"@type":"ReadAction","target":["https:\/\/www.pax-travel.com\/destinazioni\/bjelasnica\/"]}]},{"@type":"BreadcrumbList","@id":"https:\/\/www.pax-travel.com\/destinazioni\/bjelasnica\/#breadcrumb","itemListElement":[{"@type":"ListItem","position":1,"name":"Home","item":"https:\/\/www.pax-travel.com\/hr\/"},{"@type":"ListItem","position":2,"name":"DESTINACIJE","item":"https:\/\/www.pax-travel.com\/destinazioni\/"},{"@type":"ListItem","position":3,"name":"Bjelasnica"}]},{"@type":"WebSite","@id":"https:\/\/www.pax-travel.com\/#website","url":"https:\/\/www.pax-travel.com\/","name":"Pax Travel - Medjugorje","description":"Turisti\u010dka agencija u Me\u0111ugorju","potentialAction":[{"@type":"SearchAction","target":{"@type":"EntryPoint","urlTemplate":"https:\/\/www.pax-travel.com\/?s={search_term_string}"},"query-input":"required name=search_term_string"}],"inLanguage":"hr"}]}},"_links":{"self":[{"href":"https:\/\/www.pax-travel.com\/hr\/wp-json\/wp\/v2\/pages\/7156"}],"collection":[{"href":"https:\/\/www.pax-travel.com\/hr\/wp-json\/wp\/v2\/pages"}],"about":[{"href":"https:\/\/www.pax-travel.com\/hr\/wp-json\/wp\/v2\/types\/page"}],"author":[{"embeddable":true,"href":"https:\/\/www.pax-travel.com\/hr\/wp-json\/wp\/v2\/users\/1"}],"replies":[{"embeddable":true,"href":"https:\/\/www.pax-travel.com\/hr\/wp-json\/wp\/v2\/comments?post=7156"}],"version-history":[{"count":1,"href":"https:\/\/www.pax-travel.com\/hr\/wp-json\/wp\/v2\/pages\/7156\/revisions"}],"predecessor-version":[{"id":7157,"href":"https:\/\/www.pax-travel.com\/hr\/wp-json\/wp\/v2\/pages\/7156\/revisions\/7157"}],"up":[{"embeddable":true,"href":"https:\/\/www.pax-travel.com\/hr\/wp-json\/wp\/v2\/pages\/3302"}],"wp:attachment":[{"href":"https:\/\/www.pax-travel.com\/hr\/wp-json\/wp\/v2\/media?parent=7156"}],"curies":[{"name":"wp","href":"https:\/\/api.w.org\/{rel}","templated":true}]}}